{"id":1101,"date":"2021-02-19T15:41:51","date_gmt":"2021-02-19T15:41:51","guid":{"rendered":"https:\/\/nina-leonetto.com.br\/?page_id=1101"},"modified":"2021-03-25T18:02:47","modified_gmt":"2021-03-25T18:02:47","slug":"about-us","status":"publish","type":"page","link":"https:\/\/nina-leonetto.com.br\/es\/about-us\/","title":{"rendered":"Sobre nosotros"},"content":{"rendered":"<div data-elementor-type=\"wp-page\" data-elementor-id=\"1101\" class=\"elementor elementor-1101\">\n\t\t\t\t\t\t<section class=\"elementor-section elementor-top-section elementor-element elementor-element-dcf6994 elementor-section-full_width elementor-section-height-min-height elementor-section-height-default elementor-section-items-middle\" data-id=\"dcf6994\" data-element_type=\"section\" data-e-type=\"section\" data-settings=\"{&quot;background_background&quot;:&quot;classic&quot;}\">\n\t\t\t\t\t\t<div class=\"elementor-container elementor-column-gap-default\">\n\t\t\t\t\t<div class=\"elementor-column elementor-col-100 elementor-top-column elementor-element elementor-element-4179407\" data-id=\"4179407\" data-element_type=\"column\" data-e-type=\"column\">\n\t\t\t<div class=\"elementor-widget-wrap\">\n\t\t\t\t\t\t\t<\/div>\n\t\t<\/div>\n\t\t\t\t\t<\/div>\n\t\t<\/section>\n\t\t\t\t<section class=\"elementor-section elementor-top-section elementor-element elementor-element-478c354 elementor-section-boxed elementor-section-height-default elementor-section-height-default\" data-id=\"478c354\" data-element_type=\"section\" data-e-type=\"section\">\n\t\t\t\t\t\t<div class=\"elementor-container elementor-column-gap-default\">\n\t\t\t\t\t<div class=\"elementor-column elementor-col-100 elementor-top-column elementor-element elementor-element-9bc9908\" data-id=\"9bc9908\" data-element_type=\"column\" data-e-type=\"column\" data-settings=\"{&quot;background_background&quot;:&quot;classic&quot;}\">\n\t\t\t<div class=\"elementor-widget-wrap elementor-element-populated\">\n\t\t\t\t\t\t<div class=\"elementor-element elementor-element-151a9d9 elementor-widget elementor-widget-heading\" data-id=\"151a9d9\" data-element_type=\"widget\" data-e-type=\"widget\" data-widget_type=\"heading.default\">\n\t\t\t\t<div class=\"elementor-widget-container\">\n\t\t\t\t\t<h2 class=\"elementor-heading-title elementor-size-default\">acerca de nina leonetto<\/h2>\t\t\t\t<\/div>\n\t\t\t\t<\/div>\n\t\t\t\t\t<\/div>\n\t\t<\/div>\n\t\t\t\t\t<\/div>\n\t\t<\/section>\n\t\t\t\t<section class=\"elementor-section elementor-top-section elementor-element elementor-element-6ae5691 elementor-section-boxed elementor-section-height-default elementor-section-height-default\" data-id=\"6ae5691\" data-element_type=\"section\" data-e-type=\"section\">\n\t\t\t\t\t\t<div class=\"elementor-container elementor-column-gap-default\">\n\t\t\t\t\t<div class=\"elementor-column elementor-col-100 elementor-top-column elementor-element elementor-element-794ad34\" data-id=\"794ad34\" data-element_type=\"column\" data-e-type=\"column\">\n\t\t\t<div class=\"elementor-widget-wrap elementor-element-populated\">\n\t\t\t\t\t\t<div class=\"elementor-element elementor-element-89d9a55 elementor-widget elementor-widget-text-editor\" data-id=\"89d9a55\" data-element_type=\"widget\" data-e-type=\"widget\" data-widget_type=\"text-editor.default\">\n\t\t\t\t<div class=\"elementor-widget-container\">\n\t\t\t\t\t\t\t\t\t<p>Nina leonetto es simplemente una revoluci\u00f3n en la industria del cuidado del cabello y la cosm\u00e9tica. Est\u00e1 compuesto por los minerales m\u00e1s avanzados desarrollados con la \u00faltima tecnolog\u00eda y especialmente dise\u00f1ado para nutrir tu cabello, contiene Camu<\/p>\t\t\t\t\t\t\t\t<\/div>\n\t\t\t\t<\/div>\n\t\t\t\t\t<\/div>\n\t\t<\/div>\n\t\t\t\t\t<\/div>\n\t\t<\/section>\n\t\t\t\t<section class=\"elementor-section elementor-top-section elementor-element elementor-element-d97ba98 elementor-section-boxed elementor-section-height-default elementor-section-height-default\" data-id=\"d97ba98\" data-element_type=\"section\" data-e-type=\"section\">\n\t\t\t\t\t\t<div class=\"elementor-container elementor-column-gap-default\">\n\t\t\t\t\t<div class=\"elementor-column elementor-col-100 elementor-top-column elementor-element elementor-element-876c331\" data-id=\"876c331\" data-element_type=\"column\" data-e-type=\"column\">\n\t\t\t<div class=\"elementor-widget-wrap elementor-element-populated\">\n\t\t\t\t\t\t<div class=\"elementor-element elementor-element-5703841 elementor-widget elementor-widget-image\" data-id=\"5703841\" data-element_type=\"widget\" data-e-type=\"widget\" data-widget_type=\"image.default\">\n\t\t\t\t<div class=\"elementor-widget-container\">\n\t\t\t\t\t\t\t\t\t\t\t\t\t\t\t<img fetchpriority=\"high\" decoding=\"async\" width=\"612\" height=\"350\" src=\"https:\/\/nina-leonetto.com.br\/wp-content\/uploads\/2021\/03\/camu-camu.png\" class=\"attachment-large size-large wp-image-1399\" alt=\"camu camu\" srcset=\"https:\/\/nina-leonetto.com.br\/wp-content\/uploads\/2021\/03\/camu-camu.png 612w, https:\/\/nina-leonetto.com.br\/wp-content\/uploads\/2021\/03\/camu-camu-300x172.png 300w, https:\/\/nina-leonetto.com.br\/wp-content\/uploads\/2021\/03\/camu-camu-600x343.png 600w\" sizes=\"(max-width: 612px) 100vw, 612px\" \/>\t\t\t\t\t\t\t\t\t\t\t\t\t\t\t<\/div>\n\t\t\t\t<\/div>\n\t\t\t\t\t<\/div>\n\t\t<\/div>\n\t\t\t\t\t<\/div>\n\t\t<\/section>\n\t\t\t\t<section class=\"elementor-section elementor-top-section elementor-element elementor-element-1c4aee9 elementor-section-boxed elementor-section-height-default elementor-section-height-default\" data-id=\"1c4aee9\" data-element_type=\"section\" data-e-type=\"section\">\n\t\t\t\t\t\t<div class=\"elementor-container elementor-column-gap-default\">\n\t\t\t\t\t<div class=\"elementor-column elementor-col-100 elementor-top-column elementor-element elementor-element-5f2f7da\" data-id=\"5f2f7da\" data-element_type=\"column\" data-e-type=\"column\">\n\t\t\t<div class=\"elementor-widget-wrap elementor-element-populated\">\n\t\t\t\t\t\t<div class=\"elementor-element elementor-element-8c115f9 elementor-widget elementor-widget-heading\" data-id=\"8c115f9\" data-element_type=\"widget\" data-e-type=\"widget\" data-widget_type=\"heading.default\">\n\t\t\t\t<div class=\"elementor-widget-container\">\n\t\t\t\t\t<h2 class=\"elementor-heading-title elementor-size-default\">\u00bfPOR QU\u00c9 CAMU CAMU?<\/h2>\t\t\t\t<\/div>\n\t\t\t\t<\/div>\n\t\t\t\t\t<\/div>\n\t\t<\/div>\n\t\t\t\t\t<\/div>\n\t\t<\/section>\n\t\t\t\t<section class=\"elementor-section elementor-top-section elementor-element elementor-element-4078d6c elementor-section-boxed elementor-section-height-default elementor-section-height-default\" data-id=\"4078d6c\" data-element_type=\"section\" data-e-type=\"section\">\n\t\t\t\t\t\t<div class=\"elementor-container elementor-column-gap-default\">\n\t\t\t\t\t<div class=\"elementor-column elementor-col-100 elementor-top-column elementor-element elementor-element-18e5b86\" data-id=\"18e5b86\" data-element_type=\"column\" data-e-type=\"column\">\n\t\t\t<div class=\"elementor-widget-wrap elementor-element-populated\">\n\t\t\t\t\t\t<div class=\"elementor-element elementor-element-35789ad elementor-widget elementor-widget-text-editor\" data-id=\"35789ad\" data-element_type=\"widget\" data-e-type=\"widget\" data-widget_type=\"text-editor.default\">\n\t\t\t\t<div class=\"elementor-widget-container\">\n\t\t\t\t\t\t\t\t\t<p>La fruta Camu Camu procedente de las profundidades del Amazonas que suaviza y maneja el cabello d\u00e1ndole una frescura duradera. Camu Camu tiene abundancia de Vitamina C, es rico en compuestos bioactivos, como antocianinas, carotenoides, \u00e1cidos fen\u00f3licos, flavonoides y flavonas lo que a su vez elimina los radicales libres.<\/p>\t\t\t\t\t\t\t\t<\/div>\n\t\t\t\t<\/div>\n\t\t\t\t\t<\/div>\n\t\t<\/div>\n\t\t\t\t\t<\/div>\n\t\t<\/section>\n\t\t\t\t<\/div>","protected":false},"excerpt":{"rendered":"<p>about nina leonetto Nina leonetto is merely a revolution in hair care and cosmetics industry. Is made up of the most advanced minerals developed with the latest technology and specially designed for nurturing your hair, containing Camu WHY CAMU CAMU? The Camu Camu fruit coming from the depths of the Amazon that softness &amp; manages&hellip;&nbsp;<a href=\"https:\/\/nina-leonetto.com.br\/es\/about-us\/\" rel=\"bookmark\">Leer m\u00e1s &raquo;<span class=\"screen-reader-text\">Sobre nosotros<\/span><\/a><\/p>","protected":false},"author":1,"featured_media":0,"parent":0,"menu_order":0,"comment_status":"closed","ping_status":"closed","template":"","meta":{"_eb_attr":"","_uag_custom_page_level_css":"","neve_meta_sidebar":"full-width","neve_meta_container":"full-width","neve_meta_enable_content_width":"","neve_meta_content_width":0,"neve_meta_title_alignment":"","neve_meta_author_avatar":"","neve_post_elements_order":"","neve_meta_disable_header":"","neve_meta_disable_footer":"","neve_meta_disable_title":"on","footnotes":""},"class_list":["post-1101","page","type-page","status-publish","hentry"],"uagb_featured_image_src":{"full":false,"thumbnail":false,"medium":false,"medium_large":false,"large":false,"1536x1536":false,"2048x2048":false,"trp-custom-language-flag":false,"neve-blog":false},"uagb_author_info":{"display_name":"itech","author_link":"https:\/\/nina-leonetto.com.br\/es\/author\/itech\/"},"uagb_comment_info":0,"uagb_excerpt":"about nina leonetto Nina leonetto is merely a revolution in hair care and cosmetics industry. Is made up of the most advanced minerals developed with the latest technology and specially designed for nurturing your hair, containing Camu WHY CAMU CAMU? The Camu Camu fruit coming from the depths of the Amazon that softness &amp; manages&hellip;&nbsp;Leer&hellip;","_links":{"self":[{"href":"https:\/\/nina-leonetto.com.br\/es\/wp-json\/wp\/v2\/pages\/1101","targetHints":{"allow":["GET"]}}],"collection":[{"href":"https:\/\/nina-leonetto.com.br\/es\/wp-json\/wp\/v2\/pages"}],"about":[{"href":"https:\/\/nina-leonetto.com.br\/es\/wp-json\/wp\/v2\/types\/page"}],"author":[{"embeddable":true,"href":"https:\/\/nina-leonetto.com.br\/es\/wp-json\/wp\/v2\/users\/1"}],"replies":[{"embeddable":true,"href":"https:\/\/nina-leonetto.com.br\/es\/wp-json\/wp\/v2\/comments?post=1101"}],"version-history":[{"count":26,"href":"https:\/\/nina-leonetto.com.br\/es\/wp-json\/wp\/v2\/pages\/1101\/revisions"}],"predecessor-version":[{"id":1947,"href":"https:\/\/nina-leonetto.com.br\/es\/wp-json\/wp\/v2\/pages\/1101\/revisions\/1947"}],"wp:attachment":[{"href":"https:\/\/nina-leonetto.com.br\/es\/wp-json\/wp\/v2\/media?parent=1101"}],"curies":[{"name":"wp","href":"https:\/\/api.w.org\/{rel}","templated":true}]}}