{"id":1579,"date":"2021-03-22T17:48:08","date_gmt":"2021-03-22T17:48:08","guid":{"rendered":"https:\/\/nina-leonetto.com.br\/?page_id=1579"},"modified":"2022-09-05T18:38:18","modified_gmt":"2022-09-05T18:38:18","slug":"bond-protector","status":"publish","type":"page","link":"https:\/\/nina-leonetto.com.br\/es\/products\/bond-protector\/","title":{"rendered":"BOND PROTECTOR"},"content":{"rendered":"<div data-elementor-type=\"wp-page\" data-elementor-id=\"1579\" class=\"elementor elementor-1579\">\n\t\t\t\t\t\t<section class=\"elementor-section elementor-top-section elementor-element elementor-element-8c8e253 elementor-section-height-min-height elementor-section-boxed elementor-section-height-default elementor-section-items-middle\" data-id=\"8c8e253\" data-element_type=\"section\" data-e-type=\"section\" data-settings=\"{&quot;background_background&quot;:&quot;classic&quot;}\">\n\t\t\t\t\t\t<div class=\"elementor-container elementor-column-gap-default\">\n\t\t\t\t\t<div class=\"elementor-column elementor-col-100 elementor-top-column elementor-element elementor-element-98b61f4\" data-id=\"98b61f4\" data-element_type=\"column\" data-e-type=\"column\">\n\t\t\t<div class=\"elementor-widget-wrap\">\n\t\t\t\t\t\t\t<\/div>\n\t\t<\/div>\n\t\t\t\t\t<\/div>\n\t\t<\/section>\n\t\t\t\t<section class=\"elementor-section elementor-top-section elementor-element elementor-element-d8218b2 elementor-section-boxed elementor-section-height-default elementor-section-height-default\" data-id=\"d8218b2\" data-element_type=\"section\" data-e-type=\"section\">\n\t\t\t\t\t\t<div class=\"elementor-container elementor-column-gap-default\">\n\t\t\t\t\t<div class=\"elementor-column elementor-col-50 elementor-top-column elementor-element elementor-element-76aefa8\" data-id=\"76aefa8\" data-element_type=\"column\" data-e-type=\"column\">\n\t\t\t<div class=\"elementor-widget-wrap elementor-element-populated\">\n\t\t\t\t\t\t<div class=\"elementor-element elementor-element-15fa032 elementor-view-default elementor-widget elementor-widget-icon\" data-id=\"15fa032\" data-element_type=\"widget\" data-e-type=\"widget\" data-widget_type=\"icon.default\">\n\t\t\t\t<div class=\"elementor-widget-container\">\n\t\t\t\t\t\t\t<div class=\"elementor-icon-wrapper\">\n\t\t\t<a class=\"elementor-icon\" href=\"https:\/\/nina-leonetto.com.br\/products\/\">\n\t\t\t<i aria-hidden=\"true\" class=\"fas fa-long-arrow-alt-left\"><\/i>\t\t\t<\/a>\n\t\t<\/div>\n\t\t\t\t\t\t<\/div>\n\t\t\t\t<\/div>\n\t\t\t\t<div class=\"elementor-element elementor-element-af6a9c1 elementor-widget elementor-widget-image\" data-id=\"af6a9c1\" data-element_type=\"widget\" data-e-type=\"widget\" data-widget_type=\"image.default\">\n\t\t\t\t<div class=\"elementor-widget-container\">\n\t\t\t\t\t\t\t\t\t\t\t\t\t\t\t<img fetchpriority=\"high\" decoding=\"async\" width=\"750\" height=\"750\" src=\"https:\/\/nina-leonetto.com.br\/wp-content\/uploads\/2021\/03\/PLEX_750x750.png\" class=\"attachment-large size-large wp-image-1408\" alt=\"plex\" srcset=\"https:\/\/nina-leonetto.com.br\/wp-content\/uploads\/2021\/03\/PLEX_750x750.png 750w, https:\/\/nina-leonetto.com.br\/wp-content\/uploads\/2021\/03\/PLEX_750x750-300x300.png 300w, https:\/\/nina-leonetto.com.br\/wp-content\/uploads\/2021\/03\/PLEX_750x750-150x150.png 150w, https:\/\/nina-leonetto.com.br\/wp-content\/uploads\/2021\/03\/PLEX_750x750-600x600.png 600w, https:\/\/nina-leonetto.com.br\/wp-content\/uploads\/2021\/03\/PLEX_750x750-100x100.png 100w\" sizes=\"(max-width: 750px) 100vw, 750px\" \/>\t\t\t\t\t\t\t\t\t\t\t\t\t\t\t<\/div>\n\t\t\t\t<\/div>\n\t\t\t\t\t<\/div>\n\t\t<\/div>\n\t\t\t\t<div class=\"elementor-column elementor-col-50 elementor-top-column elementor-element elementor-element-6c2bb38\" data-id=\"6c2bb38\" data-element_type=\"column\" data-e-type=\"column\">\n\t\t\t<div class=\"elementor-widget-wrap elementor-element-populated\">\n\t\t\t\t\t\t<div class=\"elementor-element elementor-element-b1bb07d elementor-widget elementor-widget-heading\" data-id=\"b1bb07d\" data-element_type=\"widget\" data-e-type=\"widget\" data-widget_type=\"heading.default\">\n\t\t\t\t<div class=\"elementor-widget-container\">\n\t\t\t\t\t<h1 class=\"elementor-heading-title elementor-size-default\">Nina Plex<\/h1>\t\t\t\t<\/div>\n\t\t\t\t<\/div>\n\t\t\t\t<div class=\"elementor-element elementor-element-62b2425 elementor-widget elementor-widget-text-editor\" data-id=\"62b2425\" data-element_type=\"widget\" data-e-type=\"widget\" data-widget_type=\"text-editor.default\">\n\t\t\t\t<div class=\"elementor-widget-container\">\n\t\t\t\t\t\t\t\t\t<p>Nina Plex no solo es la p\u00f3liza de seguro contra trenzas y mechones sin vida, cabello quebradizo y quebradizo, sino tambi\u00e9n un innovador tratamiento reconstructivo que previene los da\u00f1os que se producen durante los servicios qu\u00edmicos.<\/p>\t\t\t\t\t\t\t\t<\/div>\n\t\t\t\t<\/div>\n\t\t\t\t\t<\/div>\n\t\t<\/div>\n\t\t\t\t\t<\/div>\n\t\t<\/section>\n\t\t\t\t<section class=\"elementor-section elementor-top-section elementor-element elementor-element-b6d71d5 elementor-section-boxed elementor-section-height-default elementor-section-height-default\" data-id=\"b6d71d5\" data-element_type=\"section\" data-e-type=\"section\">\n\t\t\t\t\t\t<div class=\"elementor-container elementor-column-gap-default\">\n\t\t\t\t\t<div class=\"elementor-column elementor-col-100 elementor-top-column elementor-element elementor-element-a24a224\" data-id=\"a24a224\" data-element_type=\"column\" data-e-type=\"column\">\n\t\t\t<div class=\"elementor-widget-wrap elementor-element-populated\">\n\t\t\t\t\t\t<div class=\"elementor-element elementor-element-a2950f4 elementor-widget elementor-widget-eael-adv-accordion\" data-id=\"a2950f4\" data-element_type=\"widget\" data-e-type=\"widget\" data-widget_type=\"eael-adv-accordion.default\">\n\t\t\t\t<div class=\"elementor-widget-container\">\n\t\t\t\t\t            <div class=\"eael-adv-accordion\" id=\"eael-adv-accordion-a2950f4\" data-scroll-on-click=\"no\" data-scroll-speed=\"300\" data-accordion-id=\"a2950f4\" data-accordion-type=\"accordion\" data-toogle-speed=\"300\">\n            <div class=\"eael-accordion-list\">\n\t\t\t\t\t<div id=\"protection\" class=\"elementor-tab-title eael-accordion-header\" tabindex=\"0\" data-tab=\"1\" aria-controls=\"elementor-tab-content-1701\"><span class=\"eael-accordion-tab-title\">Proteccion<\/span><i aria-hidden=\"true\" class=\"fa-toggle fas fa-angle-right\"><\/i><\/div><div id=\"elementor-tab-content-1701\" class=\"eael-accordion-content clearfix\" data-tab=\"1\" aria-labelledby=\"protection\"><p><span style=\"font-weight: 400\">\u00a0\u00a0Nina plex es un producto brillante que protege las conexiones capilares, as\u00ed como el tallo del cabello, previene el da\u00f1o causado por la decoloraci\u00f3n, coloraci\u00f3n o cualquier servicio qu\u00edmico incluso antes de que comience. Nina Plex trabaja para proteger el cabello del da\u00f1o qu\u00edmico, penetra profundamente en la corteza del cabello. Nina plex protege, fortalece la elasticidad y aumenta la flexibilidad y la suavidad.<\/span><\/p><\/div>\n\t\t\t\t\t<\/div><div class=\"eael-accordion-list\">\n\t\t\t\t\t<div id=\"active-ingredients\" class=\"elementor-tab-title eael-accordion-header\" tabindex=\"0\" data-tab=\"2\" aria-controls=\"elementor-tab-content-1702\"><span class=\"eael-accordion-tab-title\">Ingredientes activos<\/span><i aria-hidden=\"true\" class=\"fa-toggle fas fa-angle-right\"><\/i><\/div><div id=\"elementor-tab-content-1702\" class=\"eael-accordion-content clearfix\" data-tab=\"2\" aria-labelledby=\"active-ingredients\"><p><span style=\"font-weight: 400\">Los ingredientes activos de Nina plex son compuestos denominados Aqua, EDTA dis\u00f3dico, fragancia, glicerina, cloruro de cetrimonio, metilpropanodiol, \u00e1cido asp\u00e1rtico, serina, arginina, glicina, prolina, alanina, lisina, \u00e1cido glut\u00e1mico, \u00e1cido asp\u00e1rtico, treonina, creatina, DMDM. Hidanto\u00edna, fenoxietanol.<\/span><\/p><\/div>\n\t\t\t\t\t<\/div><div class=\"eael-accordion-list\">\n\t\t\t\t\t<div id=\"nina-plex-reconstructor\" class=\"elementor-tab-title eael-accordion-header\" tabindex=\"0\" data-tab=\"3\" aria-controls=\"elementor-tab-content-1703\"><span class=\"eael-accordion-tab-title\">Reconstructor Nina Plex<\/span><i aria-hidden=\"true\" class=\"fa-toggle fas fa-angle-right\"><\/i><\/div><div id=\"elementor-tab-content-1703\" class=\"eael-accordion-content clearfix\" data-tab=\"3\" aria-labelledby=\"nina-plex-reconstructor\"><p><span style=\"font-weight: 400\">Nina plex con su f\u00f3rmula act\u00faa para transformar el cabello opaco en brillante, restaura, crea enlaces dentro de la fibra capilar y reconstruye permanentemente la fuerza, estructura e integridad de su cabello y reconecta los enlaces de disulfuro de azufre rotos que se da\u00f1an durante el proceso qu\u00edmico.<\/span><\/p><\/div>\n\t\t\t\t\t<\/div><div class=\"eael-accordion-list\">\n\t\t\t\t\t<div id=\"bond-filler\" class=\"elementor-tab-title eael-accordion-header\" tabindex=\"0\" data-tab=\"4\" aria-controls=\"elementor-tab-content-1704\"><span class=\"eael-accordion-tab-title\">Relleno de adherencia<\/span><i aria-hidden=\"true\" class=\"fa-toggle fas fa-angle-right\"><\/i><\/div><div id=\"elementor-tab-content-1704\" class=\"eael-accordion-content clearfix\" data-tab=\"4\" aria-labelledby=\"bond-filler\"><p><span style=\"font-weight: 400\">Act\u00faa en todos los tonos de cabello rubio decolorado, aumenta la fuerza y la suavidad aterciopelada para un rubio brillante, restaura las cut\u00edculas da\u00f1adas para un cabello m\u00e1s fuerte. Mantiene las luces brillantes y radiantes.<\/span><\/p><\/div>\n\t\t\t\t\t<\/div><div class=\"eael-accordion-list\">\n\t\t\t\t\t<div id=\"protective-bond\" class=\"elementor-tab-title eael-accordion-header\" tabindex=\"0\" data-tab=\"5\" aria-controls=\"elementor-tab-content-1705\"><span class=\"eael-accordion-tab-title\">Enlace protector<\/span><i aria-hidden=\"true\" class=\"fa-toggle fas fa-angle-right\"><\/i><\/div><div id=\"elementor-tab-content-1705\" class=\"eael-accordion-content clearfix\" data-tab=\"5\" aria-labelledby=\"protective-bond\"><p><span style=\"font-weight: 400\">Act\u00faa en la preparaci\u00f3n de la fibra capilar para el proceso de decoloraci\u00f3n, durante el proceso de decoloraci\u00f3n para proteger la fibra capilar y luego para reconstruir la fibra. Nina plex est\u00e1 dise\u00f1ado para todo tipo de cabello, desde virgen hasta superprocesado <\/span><\/p><\/div>\n\t\t\t\t\t<\/div><div class=\"eael-accordion-list\">\n\t\t\t\t\t<div id=\"dye-treatment\" class=\"elementor-tab-title eael-accordion-header\" tabindex=\"0\" data-tab=\"6\" aria-controls=\"elementor-tab-content-1706\"><span class=\"eael-accordion-tab-title\">Tratamiento de tintes<\/span><i aria-hidden=\"true\" class=\"fa-toggle fas fa-angle-right\"><\/i><\/div><div id=\"elementor-tab-content-1706\" class=\"eael-accordion-content clearfix\" data-tab=\"6\" aria-labelledby=\"dye-treatment\"><p><span style=\"font-weight: 400\">Los enlaces disulfuro que componen el cabello a menudo se da\u00f1an, fragmentan, durante las luces, la decoloraci\u00f3n, el proceso de coloraci\u00f3n o cualquier servicio qu\u00edmico. Nina plex act\u00faa como agente protector durante los procesos qu\u00edmicos para prevenir da\u00f1os en el cabello, crear nuevos enlaces capilares y reparar los da\u00f1ados.<\/span><\/p><\/div>\n\t\t\t\t\t<\/div><div class=\"eael-accordion-list\">\n\t\t\t\t\t<div id=\"ultra-whitening\" class=\"elementor-tab-title eael-accordion-header\" tabindex=\"0\" data-tab=\"7\" aria-controls=\"elementor-tab-content-1707\"><span class=\"eael-accordion-tab-title\">Ultra blanqueador<\/span><i aria-hidden=\"true\" class=\"fa-toggle fas fa-angle-right\"><\/i><\/div><div id=\"elementor-tab-content-1707\" class=\"eael-accordion-content clearfix\" data-tab=\"7\" aria-labelledby=\"ultra-whitening\"><p><span style=\"font-weight: 400\">Para aclarar el cabello es necesario romper las uniones del mech\u00f3n. Cuanto m\u00e1s claro es el cabello, m\u00e1s lazos se rompen. Nina plex es un aditivo de la decoloraci\u00f3n para proteger el cabello antes de que se produzca cualquier da\u00f1o. Nina plex vuelve a conectar los enlaces disulfuro en el cabello que se rompieron durante los servicios qu\u00edmicos.<\/span><\/p><\/div>\n\t\t\t\t\t<\/div><div class=\"eael-accordion-list\">\n\t\t\t\t\t<div id=\"permanent\" class=\"elementor-tab-title eael-accordion-header\" tabindex=\"0\" data-tab=\"8\" aria-controls=\"elementor-tab-content-1708\"><span class=\"eael-accordion-tab-title\">Permanente<\/span><i aria-hidden=\"true\" class=\"fa-toggle fas fa-angle-right\"><\/i><\/div><div id=\"elementor-tab-content-1708\" class=\"eael-accordion-content clearfix\" data-tab=\"8\" aria-labelledby=\"permanent\"><p><span style=\"font-weight: 400\">Permanente es un procedimiento que rompe numerosos enlaces disulfuro en el cabello. Nina plex est\u00e1 trabajando para crear nuevos enlaces disulfuro en el cabello y reparar los da\u00f1ados.<\/span><\/p><\/div>\n\t\t\t\t\t<\/div><div class=\"eael-accordion-list\">\n\t\t\t\t\t<div id=\"bleaching-powder\" class=\"elementor-tab-title eael-accordion-header\" tabindex=\"0\" data-tab=\"9\" aria-controls=\"elementor-tab-content-1709\"><span class=\"eael-accordion-tab-title\">Polvo de blanquear<\/span><i aria-hidden=\"true\" class=\"fa-toggle fas fa-angle-right\"><\/i><\/div><div id=\"elementor-tab-content-1709\" class=\"eael-accordion-content clearfix\" data-tab=\"9\" aria-labelledby=\"bleaching-powder\"><p><span style=\"font-weight: 400\">El proceso de decoloraci\u00f3n afectar\u00e1 directamente el enlace disulfuro, dej\u00e1ndolo muy fr\u00e1gil, por lo que Nina plex proteger\u00e1 y reparar\u00e1 los enlaces rotos, manteniendo tu cabello sano y fuerte.<\/span><\/p><\/div>\n\t\t\t\t\t<\/div><div class=\"eael-accordion-list\">\n\t\t\t\t\t<div id=\"straightening\" class=\"elementor-tab-title eael-accordion-header\" tabindex=\"0\" data-tab=\"10\" aria-controls=\"elementor-tab-content-17010\"><span class=\"eael-accordion-tab-title\">Alisado<\/span><i aria-hidden=\"true\" class=\"fa-toggle fas fa-angle-right\"><\/i><\/div><div id=\"elementor-tab-content-17010\" class=\"eael-accordion-content clearfix\" data-tab=\"10\" aria-labelledby=\"straightening\"><p><span style=\"font-weight: 400\">Reconecta los enlaces rotos y repara el da\u00f1o del cabello, creando un puente de disulfuro artificial extendido, eliminando el frizz y haciendo que el cabello sea m\u00e1s brillante, suave y flexible.<\/span><\/p><\/div>\n\t\t\t\t\t<\/div><div class=\"eael-accordion-list\">\n\t\t\t\t\t<div id=\"direct-dyes\" class=\"elementor-tab-title eael-accordion-header\" tabindex=\"0\" data-tab=\"11\" aria-controls=\"elementor-tab-content-17011\"><span class=\"eael-accordion-tab-title\">Tintes directos<\/span><i aria-hidden=\"true\" class=\"fa-toggle fas fa-angle-right\"><\/i><\/div><div id=\"elementor-tab-content-17011\" class=\"eael-accordion-content clearfix\" data-tab=\"11\" aria-labelledby=\"direct-dyes\"><p><span style=\"font-weight: 400\">Crea nuevos enlaces disulfuro dentro de la fibra capilar, deja tu cabello incre\u00edblemente liso y suave, flexible y brillante.<\/span><\/p><\/div>\n\t\t\t\t\t<\/div><div class=\"eael-accordion-list\">\n\t\t\t\t\t<div id=\"anti-damage-treatment\" class=\"elementor-tab-title eael-accordion-header\" tabindex=\"0\" data-tab=\"12\" aria-controls=\"elementor-tab-content-17012\"><span class=\"eael-accordion-tab-title\">Tratamiento anti-da\u00f1os<\/span><i aria-hidden=\"true\" class=\"fa-toggle fas fa-angle-right\"><\/i><\/div><div id=\"elementor-tab-content-17012\" class=\"eael-accordion-content clearfix\" data-tab=\"12\" aria-labelledby=\"anti-damage-treatment\"><p><span style=\"font-weight: 400\">Nina plex es un tratamiento reconstructivo que mejora la estructura interna del cabello, previni\u00e9ndolo y protegi\u00e9ndolo de los da\u00f1os durante el proceso qu\u00edmico, evitando la rotura del tallo capilar.<\/span><\/p><p><span style=\"font-weight: 400\">Nina plex aumenta la elasticidad del cabello y le permite aceptar todos los tratamientos qu\u00edmicos sin da\u00f1arlo.<\/span><\/p><\/div>\n\t\t\t\t\t<\/div><div class=\"eael-accordion-list\">\n\t\t\t\t\t<div id=\"ingredients\" class=\"elementor-tab-title eael-accordion-header\" tabindex=\"0\" data-tab=\"13\" aria-controls=\"elementor-tab-content-17013\"><span class=\"eael-accordion-tab-title\">Ingredients<\/span><i aria-hidden=\"true\" class=\"fa-toggle fas fa-angle-right\"><\/i><\/div><div id=\"elementor-tab-content-17013\" class=\"eael-accordion-content clearfix\" data-tab=\"13\" aria-labelledby=\"ingredients\"><span style=\"font-weight: 400\">Aqua, Propylene Glycol,  Methylpropanediol,Serine, Aspartic Acid, Hydrolized Keratin, Hydrolized Collagen, Parfum, C-12 15 Alkyl Benzoate, Chlorhexidine Digluconate, Benzyl Alcohol, Benzyl Benzoate, Benzyl Salicylate, Cinnamal, Cinnamyl Alcohol, Citral, Citronellol, Coumarin, Eugenol, Farnesol, Geraniol, Isoeugenol, Limonene, Linalool, Methyl Ionone.\n<\/span><\/div>\n\t\t\t\t\t<\/div><\/div>\t\t\t\t<\/div>\n\t\t\t\t<\/div>\n\t\t\t\t\t<\/div>\n\t\t<\/div>\n\t\t\t\t\t<\/div>\n\t\t<\/section>\n\t\t\t\t<\/div>","protected":false},"excerpt":{"rendered":"<p>Nina Plex Nina Plex is not only the insurance policy against lifeless braids and locks, brittle and broken hair, but also an innovative reconstructive treatment that prevents damage that occurs during chemical services. Protection \u00a0\u00a0Nina plex is a brilliant product that protects capillary connections, as well as the hair shaft, prevents damage caused by discoloration,&hellip;&nbsp;<a href=\"https:\/\/nina-leonetto.com.br\/es\/products\/bond-protector\/\" rel=\"bookmark\">Leer m\u00e1s &raquo;<span class=\"screen-reader-text\">BOND PROTECTOR<\/span><\/a><\/p>","protected":false},"author":1,"featured_media":0,"parent":1103,"menu_order":0,"comment_status":"closed","ping_status":"closed","template":"page-templates\/template-pagebuilder-full-width.php","meta":{"_eb_attr":"","_uag_custom_page_level_css":"","neve_meta_sidebar":"full-width","neve_meta_container":"","neve_meta_enable_content_width":"on","neve_meta_content_width":100,"neve_meta_title_alignment":"","neve_meta_author_avatar":"","neve_post_elements_order":"","neve_meta_disable_header":"","neve_meta_disable_footer":"","neve_meta_disable_title":"","footnotes":""},"class_list":["post-1579","page","type-page","status-publish","hentry"],"uagb_featured_image_src":{"full":false,"thumbnail":false,"medium":false,"medium_large":false,"large":false,"1536x1536":false,"2048x2048":false,"trp-custom-language-flag":false,"neve-blog":false},"uagb_author_info":{"display_name":"itech","author_link":"https:\/\/nina-leonetto.com.br\/es\/author\/itech\/"},"uagb_comment_info":0,"uagb_excerpt":"Nina Plex Nina Plex is not only the insurance policy against lifeless braids and locks, brittle and broken hair, but also an innovative reconstructive treatment that prevents damage that occurs during chemical services. Protection \u00a0\u00a0Nina plex is a brilliant product that protects capillary connections, as well as the hair shaft, prevents damage caused by discoloration,&hellip;&nbsp;Leer&hellip;","_links":{"self":[{"href":"https:\/\/nina-leonetto.com.br\/es\/wp-json\/wp\/v2\/pages\/1579","targetHints":{"allow":["GET"]}}],"collection":[{"href":"https:\/\/nina-leonetto.com.br\/es\/wp-json\/wp\/v2\/pages"}],"about":[{"href":"https:\/\/nina-leonetto.com.br\/es\/wp-json\/wp\/v2\/types\/page"}],"author":[{"embeddable":true,"href":"https:\/\/nina-leonetto.com.br\/es\/wp-json\/wp\/v2\/users\/1"}],"replies":[{"embeddable":true,"href":"https:\/\/nina-leonetto.com.br\/es\/wp-json\/wp\/v2\/comments?post=1579"}],"version-history":[{"count":31,"href":"https:\/\/nina-leonetto.com.br\/es\/wp-json\/wp\/v2\/pages\/1579\/revisions"}],"predecessor-version":[{"id":2106,"href":"https:\/\/nina-leonetto.com.br\/es\/wp-json\/wp\/v2\/pages\/1579\/revisions\/2106"}],"up":[{"embeddable":true,"href":"https:\/\/nina-leonetto.com.br\/es\/wp-json\/wp\/v2\/pages\/1103"}],"wp:attachment":[{"href":"https:\/\/nina-leonetto.com.br\/es\/wp-json\/wp\/v2\/media?parent=1579"}],"curies":[{"name":"wp","href":"https:\/\/api.w.org\/{rel}","templated":true}]}}