{"id":1579,"date":"2021-03-22T17:48:08","date_gmt":"2021-03-22T17:48:08","guid":{"rendered":"https:\/\/nina-leonetto.com.br\/?page_id=1579"},"modified":"2022-09-05T18:38:18","modified_gmt":"2022-09-05T18:38:18","slug":"bond-protector","status":"publish","type":"page","link":"https:\/\/nina-leonetto.com.br\/fr\/products\/bond-protector\/","title":{"rendered":"BOND PROTECTOR"},"content":{"rendered":"<div data-elementor-type=\"wp-page\" data-elementor-id=\"1579\" class=\"elementor elementor-1579\">\n\t\t\t\t\t\t<section class=\"elementor-section elementor-top-section elementor-element elementor-element-8c8e253 elementor-section-height-min-height elementor-section-boxed elementor-section-height-default elementor-section-items-middle\" data-id=\"8c8e253\" data-element_type=\"section\" data-e-type=\"section\" data-settings=\"{&quot;background_background&quot;:&quot;classic&quot;}\">\n\t\t\t\t\t\t<div class=\"elementor-container elementor-column-gap-default\">\n\t\t\t\t\t<div class=\"elementor-column elementor-col-100 elementor-top-column elementor-element elementor-element-98b61f4\" data-id=\"98b61f4\" data-element_type=\"column\" data-e-type=\"column\">\n\t\t\t<div class=\"elementor-widget-wrap\">\n\t\t\t\t\t\t\t<\/div>\n\t\t<\/div>\n\t\t\t\t\t<\/div>\n\t\t<\/section>\n\t\t\t\t<section class=\"elementor-section elementor-top-section elementor-element elementor-element-d8218b2 elementor-section-boxed elementor-section-height-default elementor-section-height-default\" data-id=\"d8218b2\" data-element_type=\"section\" data-e-type=\"section\">\n\t\t\t\t\t\t<div class=\"elementor-container elementor-column-gap-default\">\n\t\t\t\t\t<div class=\"elementor-column elementor-col-50 elementor-top-column elementor-element elementor-element-76aefa8\" data-id=\"76aefa8\" data-element_type=\"column\" data-e-type=\"column\">\n\t\t\t<div class=\"elementor-widget-wrap elementor-element-populated\">\n\t\t\t\t\t\t<div class=\"elementor-element elementor-element-15fa032 elementor-view-default elementor-widget elementor-widget-icon\" data-id=\"15fa032\" data-element_type=\"widget\" data-e-type=\"widget\" data-widget_type=\"icon.default\">\n\t\t\t\t<div class=\"elementor-widget-container\">\n\t\t\t\t\t\t\t<div class=\"elementor-icon-wrapper\">\n\t\t\t<a class=\"elementor-icon\" href=\"https:\/\/nina-leonetto.com.br\/products\/\">\n\t\t\t<i aria-hidden=\"true\" class=\"fas fa-long-arrow-alt-left\"><\/i>\t\t\t<\/a>\n\t\t<\/div>\n\t\t\t\t\t\t<\/div>\n\t\t\t\t<\/div>\n\t\t\t\t<div class=\"elementor-element elementor-element-af6a9c1 elementor-widget elementor-widget-image\" data-id=\"af6a9c1\" data-element_type=\"widget\" data-e-type=\"widget\" data-widget_type=\"image.default\">\n\t\t\t\t<div class=\"elementor-widget-container\">\n\t\t\t\t\t\t\t\t\t\t\t\t\t\t\t<img fetchpriority=\"high\" decoding=\"async\" width=\"750\" height=\"750\" src=\"https:\/\/nina-leonetto.com.br\/wp-content\/uploads\/2021\/03\/PLEX_750x750.png\" class=\"attachment-large size-large wp-image-1408\" alt=\"plex\" srcset=\"https:\/\/nina-leonetto.com.br\/wp-content\/uploads\/2021\/03\/PLEX_750x750.png 750w, https:\/\/nina-leonetto.com.br\/wp-content\/uploads\/2021\/03\/PLEX_750x750-300x300.png 300w, https:\/\/nina-leonetto.com.br\/wp-content\/uploads\/2021\/03\/PLEX_750x750-150x150.png 150w, https:\/\/nina-leonetto.com.br\/wp-content\/uploads\/2021\/03\/PLEX_750x750-600x600.png 600w, https:\/\/nina-leonetto.com.br\/wp-content\/uploads\/2021\/03\/PLEX_750x750-100x100.png 100w\" sizes=\"(max-width: 750px) 100vw, 750px\" \/>\t\t\t\t\t\t\t\t\t\t\t\t\t\t\t<\/div>\n\t\t\t\t<\/div>\n\t\t\t\t\t<\/div>\n\t\t<\/div>\n\t\t\t\t<div class=\"elementor-column elementor-col-50 elementor-top-column elementor-element elementor-element-6c2bb38\" data-id=\"6c2bb38\" data-element_type=\"column\" data-e-type=\"column\">\n\t\t\t<div class=\"elementor-widget-wrap elementor-element-populated\">\n\t\t\t\t\t\t<div class=\"elementor-element elementor-element-b1bb07d elementor-widget elementor-widget-heading\" data-id=\"b1bb07d\" data-element_type=\"widget\" data-e-type=\"widget\" data-widget_type=\"heading.default\">\n\t\t\t\t<div class=\"elementor-widget-container\">\n\t\t\t\t\t<h1 class=\"elementor-heading-title elementor-size-default\">Nina Plex<\/h1>\t\t\t\t<\/div>\n\t\t\t\t<\/div>\n\t\t\t\t<div class=\"elementor-element elementor-element-62b2425 elementor-widget elementor-widget-text-editor\" data-id=\"62b2425\" data-element_type=\"widget\" data-e-type=\"widget\" data-widget_type=\"text-editor.default\">\n\t\t\t\t<div class=\"elementor-widget-container\">\n\t\t\t\t\t\t\t\t\t<p>Nina Plex n&#039;est pas seulement la police d&#039;assurance contre les tresses et m\u00e8ches sans vie, les cheveux cassants et cass\u00e9s, mais aussi un traitement reconstructeur innovant qui pr\u00e9vient les dommages survenant lors des services chimiques.<\/p>\t\t\t\t\t\t\t\t<\/div>\n\t\t\t\t<\/div>\n\t\t\t\t\t<\/div>\n\t\t<\/div>\n\t\t\t\t\t<\/div>\n\t\t<\/section>\n\t\t\t\t<section class=\"elementor-section elementor-top-section elementor-element elementor-element-b6d71d5 elementor-section-boxed elementor-section-height-default elementor-section-height-default\" data-id=\"b6d71d5\" data-element_type=\"section\" data-e-type=\"section\">\n\t\t\t\t\t\t<div class=\"elementor-container elementor-column-gap-default\">\n\t\t\t\t\t<div class=\"elementor-column elementor-col-100 elementor-top-column elementor-element elementor-element-a24a224\" data-id=\"a24a224\" data-element_type=\"column\" data-e-type=\"column\">\n\t\t\t<div class=\"elementor-widget-wrap elementor-element-populated\">\n\t\t\t\t\t\t<div class=\"elementor-element elementor-element-a2950f4 elementor-widget elementor-widget-eael-adv-accordion\" data-id=\"a2950f4\" data-element_type=\"widget\" data-e-type=\"widget\" data-widget_type=\"eael-adv-accordion.default\">\n\t\t\t\t<div class=\"elementor-widget-container\">\n\t\t\t\t\t            <div class=\"eael-adv-accordion\" id=\"eael-adv-accordion-a2950f4\" data-scroll-on-click=\"no\" data-scroll-speed=\"300\" data-accordion-id=\"a2950f4\" data-accordion-type=\"accordion\" data-toogle-speed=\"300\">\n            <div class=\"eael-accordion-list\">\n\t\t\t\t\t<div id=\"protection\" class=\"elementor-tab-title eael-accordion-header\" tabindex=\"0\" data-tab=\"1\" aria-controls=\"elementor-tab-content-1701\"><span class=\"eael-accordion-tab-title\">protection<\/span><i aria-hidden=\"true\" class=\"fa-toggle fas fa-angle-right\"><\/i><\/div><div id=\"elementor-tab-content-1701\" class=\"eael-accordion-content clearfix\" data-tab=\"1\" aria-labelledby=\"protection\"><p><span style=\"font-weight: 400\">\u00a0\u00a0Nina plex est un produit brillant qui prot\u00e8ge les connexions capillaires, ainsi que la tige du cheveu, pr\u00e9vient les dommages caus\u00e9s par la d\u00e9coloration, la coloration ou tout autre service chimique avant m\u00eame qu&#039;il ne commence. Nina Plex agit pour prot\u00e9ger les cheveux des dommages chimiques, p\u00e9n\u00e8tre profond\u00e9ment dans le cortex capillaire. Nina plex prot\u00e8ge, renforce l&#039;\u00e9lasticit\u00e9 et augmente la souplesse et la douceur.<\/span><\/p><\/div>\n\t\t\t\t\t<\/div><div class=\"eael-accordion-list\">\n\t\t\t\t\t<div id=\"active-ingredients\" class=\"elementor-tab-title eael-accordion-header\" tabindex=\"0\" data-tab=\"2\" aria-controls=\"elementor-tab-content-1702\"><span class=\"eael-accordion-tab-title\">Ingr\u00e9dients actifs<\/span><i aria-hidden=\"true\" class=\"fa-toggle fas fa-angle-right\"><\/i><\/div><div id=\"elementor-tab-content-1702\" class=\"eael-accordion-content clearfix\" data-tab=\"2\" aria-labelledby=\"active-ingredients\"><p><span style=\"font-weight: 400\">Les ingr\u00e9dients actifs de Nina plex sont des compos\u00e9s appel\u00e9s Aqua, EDTA disodique, parfum, glyc\u00e9rine, chlorure de c\u00e9trimony, m\u00e9thylpropanediol, acide aspartique, s\u00e9rine, arginine, glycine, proline, alanine, lysine, acide glutamique, acide aspartique, thr\u00e9onine, cr\u00e9atine, DMDM \u200bHydanto\u00efne, Ph\u00e9noxy\u00e9thanol.<\/span><\/p><\/div>\n\t\t\t\t\t<\/div><div class=\"eael-accordion-list\">\n\t\t\t\t\t<div id=\"nina-plex-reconstructor\" class=\"elementor-tab-title eael-accordion-header\" tabindex=\"0\" data-tab=\"3\" aria-controls=\"elementor-tab-content-1703\"><span class=\"eael-accordion-tab-title\">Reconstructeur Nina Plex<\/span><i aria-hidden=\"true\" class=\"fa-toggle fas fa-angle-right\"><\/i><\/div><div id=\"elementor-tab-content-1703\" class=\"eael-accordion-content clearfix\" data-tab=\"3\" aria-labelledby=\"nina-plex-reconstructor\"><p><span style=\"font-weight: 400\">Nina plex avec sa formule agit pour transformer les cheveux opaques en cheveux brillants, restaure, cr\u00e9e des liens au sein de la fibre capillaire et reconstruit en permanence la force, la structure et l&#039;int\u00e9grit\u00e9 de vos cheveux et reconnecte les liaisons disulfure de soufre bris\u00e9es qui sont endommag\u00e9es pendant le processus chimique.<\/span><\/p><\/div>\n\t\t\t\t\t<\/div><div class=\"eael-accordion-list\">\n\t\t\t\t\t<div id=\"bond-filler\" class=\"elementor-tab-title eael-accordion-header\" tabindex=\"0\" data-tab=\"4\" aria-controls=\"elementor-tab-content-1704\"><span class=\"eael-accordion-tab-title\">Remplisseur d&#039;obligations<\/span><i aria-hidden=\"true\" class=\"fa-toggle fas fa-angle-right\"><\/i><\/div><div id=\"elementor-tab-content-1704\" class=\"eael-accordion-content clearfix\" data-tab=\"4\" aria-labelledby=\"bond-filler\"><p><span style=\"font-weight: 400\">Agit sur toutes les nuances de blonds, cheveux d\u00e9color\u00e9s, augmente la force et la douceur velout\u00e9e pour un blond brillant, restaure les cuticules ab\u00eem\u00e9es pour des cheveux plus forts. Maintient les lumi\u00e8res lumineuses et rayonnantes.<\/span><\/p><\/div>\n\t\t\t\t\t<\/div><div class=\"eael-accordion-list\">\n\t\t\t\t\t<div id=\"protective-bond\" class=\"elementor-tab-title eael-accordion-header\" tabindex=\"0\" data-tab=\"5\" aria-controls=\"elementor-tab-content-1705\"><span class=\"eael-accordion-tab-title\">Lien protecteur<\/span><i aria-hidden=\"true\" class=\"fa-toggle fas fa-angle-right\"><\/i><\/div><div id=\"elementor-tab-content-1705\" class=\"eael-accordion-content clearfix\" data-tab=\"5\" aria-labelledby=\"protective-bond\"><p><span style=\"font-weight: 400\">Il agit dans la pr\u00e9paration de la fibre capillaire pour le processus de d\u00e9coloration, pendant le processus de d\u00e9coloration pour prot\u00e9ger la fibre capillaire puis pour reconstruire la fibre. Nina plex est con\u00e7u pour tous les types de cheveux, du vierge au super trait\u00e9 <\/span><\/p><\/div>\n\t\t\t\t\t<\/div><div class=\"eael-accordion-list\">\n\t\t\t\t\t<div id=\"dye-treatment\" class=\"elementor-tab-title eael-accordion-header\" tabindex=\"0\" data-tab=\"6\" aria-controls=\"elementor-tab-content-1706\"><span class=\"eael-accordion-tab-title\">Traitement de teinture<\/span><i aria-hidden=\"true\" class=\"fa-toggle fas fa-angle-right\"><\/i><\/div><div id=\"elementor-tab-content-1706\" class=\"eael-accordion-content clearfix\" data-tab=\"6\" aria-labelledby=\"dye-treatment\"><p><span style=\"font-weight: 400\">Les liaisons disulfure qui composent les cheveux sont souvent endommag\u00e9es, fragment\u00e9es, lors des lumi\u00e8res, de la d\u00e9coloration, du processus de coloration ou de tout service chimique. Nina plex agit comme un agent protecteur pendant les processus chimiques pour \u00e9viter d&#039;endommager les cheveux, cr\u00e9er de nouvelles liaisons capillaires et r\u00e9parer celles qui sont endommag\u00e9es.<\/span><\/p><\/div>\n\t\t\t\t\t<\/div><div class=\"eael-accordion-list\">\n\t\t\t\t\t<div id=\"ultra-whitening\" class=\"elementor-tab-title eael-accordion-header\" tabindex=\"0\" data-tab=\"7\" aria-controls=\"elementor-tab-content-1707\"><span class=\"eael-accordion-tab-title\">Ultra blanchissant<\/span><i aria-hidden=\"true\" class=\"fa-toggle fas fa-angle-right\"><\/i><\/div><div id=\"elementor-tab-content-1707\" class=\"eael-accordion-content clearfix\" data-tab=\"7\" aria-labelledby=\"ultra-whitening\"><p><span style=\"font-weight: 400\">Pour \u00e9claircir les cheveux, il est n\u00e9cessaire de casser les liens de la m\u00e8che. Plus les cheveux sont clairs, plus les liens sont bris\u00e9s. Nina plex est un additif \u00e0 l&#039;eau de Javel pour prot\u00e9ger les cheveux avant que des dommages ne soient caus\u00e9s. Nina plex reconnecte les liaisons disulfure dans les cheveux qui ont \u00e9t\u00e9 bris\u00e9es lors des services chimiques.<\/span><\/p><\/div>\n\t\t\t\t\t<\/div><div class=\"eael-accordion-list\">\n\t\t\t\t\t<div id=\"permanent\" class=\"elementor-tab-title eael-accordion-header\" tabindex=\"0\" data-tab=\"8\" aria-controls=\"elementor-tab-content-1708\"><span class=\"eael-accordion-tab-title\">Permanent<\/span><i aria-hidden=\"true\" class=\"fa-toggle fas fa-angle-right\"><\/i><\/div><div id=\"elementor-tab-content-1708\" class=\"eael-accordion-content clearfix\" data-tab=\"8\" aria-labelledby=\"permanent\"><p><span style=\"font-weight: 400\">La permanente est une proc\u00e9dure qui brise de nombreuses liaisons disulfure dans les cheveux. Nina plex travaille \u00e0 la cr\u00e9ation de nouvelles liaisons disulfure dans les cheveux et \u00e0 la r\u00e9paration des cheveux endommag\u00e9s.<\/span><\/p><\/div>\n\t\t\t\t\t<\/div><div class=\"eael-accordion-list\">\n\t\t\t\t\t<div id=\"bleaching-powder\" class=\"elementor-tab-title eael-accordion-header\" tabindex=\"0\" data-tab=\"9\" aria-controls=\"elementor-tab-content-1709\"><span class=\"eael-accordion-tab-title\">Poudre blanchissante<\/span><i aria-hidden=\"true\" class=\"fa-toggle fas fa-angle-right\"><\/i><\/div><div id=\"elementor-tab-content-1709\" class=\"eael-accordion-content clearfix\" data-tab=\"9\" aria-labelledby=\"bleaching-powder\"><p><span style=\"font-weight: 400\">Le processus de d\u00e9coloration affectera directement la liaison disulfure, la laissant tr\u00e8s fragile, donc Nina plex prot\u00e9gera et r\u00e9parera les liaisons bris\u00e9es, gardant vos cheveux sains et forts.<\/span><\/p><\/div>\n\t\t\t\t\t<\/div><div class=\"eael-accordion-list\">\n\t\t\t\t\t<div id=\"straightening\" class=\"elementor-tab-title eael-accordion-header\" tabindex=\"0\" data-tab=\"10\" aria-controls=\"elementor-tab-content-17010\"><span class=\"eael-accordion-tab-title\">Lissage<\/span><i aria-hidden=\"true\" class=\"fa-toggle fas fa-angle-right\"><\/i><\/div><div id=\"elementor-tab-content-17010\" class=\"eael-accordion-content clearfix\" data-tab=\"10\" aria-labelledby=\"straightening\"><p><span style=\"font-weight: 400\">Reconnecte les liaisons bris\u00e9es et r\u00e9pare les dommages capillaires, cr\u00e9ant un pont disulfure artificiel prolong\u00e9, \u00e9liminant les frisottis et rendant les cheveux plus brillants, plus lisses et plus souples.<\/span><\/p><\/div>\n\t\t\t\t\t<\/div><div class=\"eael-accordion-list\">\n\t\t\t\t\t<div id=\"direct-dyes\" class=\"elementor-tab-title eael-accordion-header\" tabindex=\"0\" data-tab=\"11\" aria-controls=\"elementor-tab-content-17011\"><span class=\"eael-accordion-tab-title\">Colorants directs<\/span><i aria-hidden=\"true\" class=\"fa-toggle fas fa-angle-right\"><\/i><\/div><div id=\"elementor-tab-content-17011\" class=\"eael-accordion-content clearfix\" data-tab=\"11\" aria-labelledby=\"direct-dyes\"><p><span style=\"font-weight: 400\">Cr\u00e9e de nouvelles liaisons disulfure dans la fibre capillaire, laisse vos cheveux incroyablement lisses et doux, flexibles et brillants.<\/span><\/p><\/div>\n\t\t\t\t\t<\/div><div class=\"eael-accordion-list\">\n\t\t\t\t\t<div id=\"anti-damage-treatment\" class=\"elementor-tab-title eael-accordion-header\" tabindex=\"0\" data-tab=\"12\" aria-controls=\"elementor-tab-content-17012\"><span class=\"eael-accordion-tab-title\">Traitement anti-dommages<\/span><i aria-hidden=\"true\" class=\"fa-toggle fas fa-angle-right\"><\/i><\/div><div id=\"elementor-tab-content-17012\" class=\"eael-accordion-content clearfix\" data-tab=\"12\" aria-labelledby=\"anti-damage-treatment\"><p><span style=\"font-weight: 400\">Nina plex est un traitement reconstructeur qui am\u00e9liore la structure interne du cheveu, le pr\u00e9vient et le prot\u00e8ge des dommages pendant le processus chimique, emp\u00eachant la tige du cheveu de se casser.<\/span><\/p><p><span style=\"font-weight: 400\">Nina plex augmente l&#039;\u00e9lasticit\u00e9 du cheveu et lui permet d&#039;accepter tous les traitements chimiques sans dommage<\/span><\/p><\/div>\n\t\t\t\t\t<\/div><div class=\"eael-accordion-list\">\n\t\t\t\t\t<div id=\"ingredients\" class=\"elementor-tab-title eael-accordion-header\" tabindex=\"0\" data-tab=\"13\" aria-controls=\"elementor-tab-content-17013\"><span class=\"eael-accordion-tab-title\">Ingredients<\/span><i aria-hidden=\"true\" class=\"fa-toggle fas fa-angle-right\"><\/i><\/div><div id=\"elementor-tab-content-17013\" class=\"eael-accordion-content clearfix\" data-tab=\"13\" aria-labelledby=\"ingredients\"><span style=\"font-weight: 400\">Aqua, Propylene Glycol,  Methylpropanediol,Serine, Aspartic Acid, Hydrolized Keratin, Hydrolized Collagen, Parfum, C-12 15 Alkyl Benzoate, Chlorhexidine Digluconate, Benzyl Alcohol, Benzyl Benzoate, Benzyl Salicylate, Cinnamal, Cinnamyl Alcohol, Citral, Citronellol, Coumarin, Eugenol, Farnesol, Geraniol, Isoeugenol, Limonene, Linalool, Methyl Ionone.\n<\/span><\/div>\n\t\t\t\t\t<\/div><\/div>\t\t\t\t<\/div>\n\t\t\t\t<\/div>\n\t\t\t\t\t<\/div>\n\t\t<\/div>\n\t\t\t\t\t<\/div>\n\t\t<\/section>\n\t\t\t\t<\/div>","protected":false},"excerpt":{"rendered":"<p>Nina Plex Nina Plex is not only the insurance policy against lifeless braids and locks, brittle and broken hair, but also an innovative reconstructive treatment that prevents damage that occurs during chemical services. Protection \u00a0\u00a0Nina plex is a brilliant product that protects capillary connections, as well as the hair shaft, prevents damage caused by discoloration,&hellip;&nbsp;<a href=\"https:\/\/nina-leonetto.com.br\/fr\/products\/bond-protector\/\" rel=\"bookmark\">Lire la suite &raquo;<span class=\"screen-reader-text\">BOND PROTECTOR<\/span><\/a><\/p>","protected":false},"author":1,"featured_media":0,"parent":1103,"menu_order":0,"comment_status":"closed","ping_status":"closed","template":"page-templates\/template-pagebuilder-full-width.php","meta":{"_eb_attr":"","_uag_custom_page_level_css":"","neve_meta_sidebar":"full-width","neve_meta_container":"","neve_meta_enable_content_width":"on","neve_meta_content_width":100,"neve_meta_title_alignment":"","neve_meta_author_avatar":"","neve_post_elements_order":"","neve_meta_disable_header":"","neve_meta_disable_footer":"","neve_meta_disable_title":"","footnotes":""},"class_list":["post-1579","page","type-page","status-publish","hentry"],"uagb_featured_image_src":{"full":false,"thumbnail":false,"medium":false,"medium_large":false,"large":false,"1536x1536":false,"2048x2048":false,"trp-custom-language-flag":false,"neve-blog":false},"uagb_author_info":{"display_name":"itech","author_link":"https:\/\/nina-leonetto.com.br\/fr\/author\/itech\/"},"uagb_comment_info":0,"uagb_excerpt":"Nina Plex Nina Plex is not only the insurance policy against lifeless braids and locks, brittle and broken hair, but also an innovative reconstructive treatment that prevents damage that occurs during chemical services. Protection \u00a0\u00a0Nina plex is a brilliant product that protects capillary connections, as well as the hair shaft, prevents damage caused by discoloration,&hellip;&nbsp;Lire\u2026","_links":{"self":[{"href":"https:\/\/nina-leonetto.com.br\/fr\/wp-json\/wp\/v2\/pages\/1579","targetHints":{"allow":["GET"]}}],"collection":[{"href":"https:\/\/nina-leonetto.com.br\/fr\/wp-json\/wp\/v2\/pages"}],"about":[{"href":"https:\/\/nina-leonetto.com.br\/fr\/wp-json\/wp\/v2\/types\/page"}],"author":[{"embeddable":true,"href":"https:\/\/nina-leonetto.com.br\/fr\/wp-json\/wp\/v2\/users\/1"}],"replies":[{"embeddable":true,"href":"https:\/\/nina-leonetto.com.br\/fr\/wp-json\/wp\/v2\/comments?post=1579"}],"version-history":[{"count":31,"href":"https:\/\/nina-leonetto.com.br\/fr\/wp-json\/wp\/v2\/pages\/1579\/revisions"}],"predecessor-version":[{"id":2106,"href":"https:\/\/nina-leonetto.com.br\/fr\/wp-json\/wp\/v2\/pages\/1579\/revisions\/2106"}],"up":[{"embeddable":true,"href":"https:\/\/nina-leonetto.com.br\/fr\/wp-json\/wp\/v2\/pages\/1103"}],"wp:attachment":[{"href":"https:\/\/nina-leonetto.com.br\/fr\/wp-json\/wp\/v2\/media?parent=1579"}],"curies":[{"name":"wp","href":"https:\/\/api.w.org\/{rel}","templated":true}]}}