{"id":1103,"date":"2021-02-19T15:42:21","date_gmt":"2021-02-19T15:42:21","guid":{"rendered":"https:\/\/nina-leonetto.com.br\/?page_id=1103"},"modified":"2021-03-25T15:43:16","modified_gmt":"2021-03-25T15:43:16","slug":"products","status":"publish","type":"page","link":"https:\/\/nina-leonetto.com.br\/it\/products\/","title":{"rendered":"Prodotti"},"content":{"rendered":"<div data-elementor-type=\"wp-page\" data-elementor-id=\"1103\" class=\"elementor elementor-1103\">\n\t\t\t\t\t\t<section class=\"elementor-section elementor-top-section elementor-element elementor-element-adcfa8d elementor-section-full_width elementor-section-height-min-height elementor-section-height-default elementor-section-items-middle\" data-id=\"adcfa8d\" data-element_type=\"section\" data-e-type=\"section\" data-settings=\"{&quot;background_background&quot;:&quot;classic&quot;}\">\n\t\t\t\t\t\t<div class=\"elementor-container elementor-column-gap-default\">\n\t\t\t\t\t<div class=\"elementor-column elementor-col-100 elementor-top-column elementor-element elementor-element-65a9486\" data-id=\"65a9486\" data-element_type=\"column\" data-e-type=\"column\">\n\t\t\t<div class=\"elementor-widget-wrap\">\n\t\t\t\t\t\t\t<\/div>\n\t\t<\/div>\n\t\t\t\t\t<\/div>\n\t\t<\/section>\n\t\t\t\t<section class=\"elementor-section elementor-top-section elementor-element elementor-element-eb70764 elementor-section-boxed elementor-section-height-default elementor-section-height-default\" data-id=\"eb70764\" data-element_type=\"section\" data-e-type=\"section\">\n\t\t\t\t\t\t<div class=\"elementor-container elementor-column-gap-default\">\n\t\t\t\t\t<div class=\"elementor-column elementor-col-33 elementor-top-column elementor-element elementor-element-a7750bf\" data-id=\"a7750bf\" data-element_type=\"column\" data-e-type=\"column\">\n\t\t\t<div class=\"elementor-widget-wrap elementor-element-populated\">\n\t\t\t\t\t\t<div class=\"elementor-element elementor-element-28fc25d elementor-widget elementor-widget-image\" data-id=\"28fc25d\" data-element_type=\"widget\" data-e-type=\"widget\" data-widget_type=\"image.default\">\n\t\t\t\t<div class=\"elementor-widget-container\">\n\t\t\t\t\t\t\t\t\t\t\t\t\t\t\t<img fetchpriority=\"high\" decoding=\"async\" width=\"460\" height=\"610\" src=\"https:\/\/nina-leonetto.com.br\/wp-content\/uploads\/2021\/03\/Smoothness-Treatment-WEB-Nina-Folder.jpg\" class=\"attachment-large size-large wp-image-1414\" alt=\"Smoothness Treatment Nina\" srcset=\"https:\/\/nina-leonetto.com.br\/wp-content\/uploads\/2021\/03\/Smoothness-Treatment-WEB-Nina-Folder.jpg 460w, https:\/\/nina-leonetto.com.br\/wp-content\/uploads\/2021\/03\/Smoothness-Treatment-WEB-Nina-Folder-226x300.jpg 226w\" sizes=\"(max-width: 460px) 100vw, 460px\" \/>\t\t\t\t\t\t\t\t\t\t\t\t\t\t\t<\/div>\n\t\t\t\t<\/div>\n\t\t\t\t<div class=\"elementor-element elementor-element-355de9d elementor-widget elementor-widget-heading\" data-id=\"355de9d\" data-element_type=\"widget\" data-e-type=\"widget\" data-widget_type=\"heading.default\">\n\t\t\t\t<div class=\"elementor-widget-container\">\n\t\t\t\t\t<h2 class=\"elementor-heading-title elementor-size-default\">levigatezza TRATTAMENTO<\/h2>\t\t\t\t<\/div>\n\t\t\t\t<\/div>\n\t\t\t\t<div class=\"elementor-element elementor-element-7c7b080 elementor-widget elementor-widget-text-editor\" data-id=\"7c7b080\" data-element_type=\"widget\" data-e-type=\"widget\" data-widget_type=\"text-editor.default\">\n\t\t\t\t<div class=\"elementor-widget-container\">\n\t\t\t\t\t\t\t\t\t<p><span style=\"font-weight: 400;\">\u00a0<\/span><span style=\"font-weight: 400;\">Con la sua composizione innovativa derivata dal frutto Camu Camu proveniente dalle profondit\u00e0 dell&#039;Amazzonia che ammorbidisce e gestisce i capelli donandogli una freschezza duratura.<\/span><\/p>\t\t\t\t\t\t\t\t<\/div>\n\t\t\t\t<\/div>\n\t\t\t\t<div class=\"elementor-element elementor-element-2e798b6 elementor-align-center elementor-mobile-align-justify elementor-widget elementor-widget-button\" data-id=\"2e798b6\" data-element_type=\"widget\" data-e-type=\"widget\" data-widget_type=\"button.default\">\n\t\t\t\t<div class=\"elementor-widget-container\">\n\t\t\t\t\t\t\t\t\t<div class=\"elementor-button-wrapper\">\n\t\t\t\t\t<a class=\"elementor-button elementor-button-link elementor-size-sm\" href=\"https:\/\/nina-leonetto.com.br\/products\/smoothness-treatment\/\">\n\t\t\t\t\t\t<span class=\"elementor-button-content-wrapper\">\n\t\t\t\t\t\t\t\t\t<span class=\"elementor-button-text\">scoprire<\/span>\n\t\t\t\t\t<\/span>\n\t\t\t\t\t<\/a>\n\t\t\t\t<\/div>\n\t\t\t\t\t\t\t\t<\/div>\n\t\t\t\t<\/div>\n\t\t\t\t\t<\/div>\n\t\t<\/div>\n\t\t\t\t<div class=\"elementor-column elementor-col-33 elementor-top-column elementor-element elementor-element-33d072d\" data-id=\"33d072d\" data-element_type=\"column\" data-e-type=\"column\">\n\t\t\t<div class=\"elementor-widget-wrap elementor-element-populated\">\n\t\t\t\t\t\t<div class=\"elementor-element elementor-element-8b4a76a elementor-widget elementor-widget-image\" data-id=\"8b4a76a\" data-element_type=\"widget\" data-e-type=\"widget\" data-widget_type=\"image.default\">\n\t\t\t\t<div class=\"elementor-widget-container\">\n\t\t\t\t\t\t\t\t\t\t\t\t\t\t\t<img decoding=\"async\" width=\"460\" height=\"610\" src=\"https:\/\/nina-leonetto.com.br\/wp-content\/uploads\/2021\/03\/Chemically-Treated-WEB-Nina-Folder.jpg\" class=\"attachment-large size-large wp-image-1404\" alt=\"CHEMICALLY treated\" srcset=\"https:\/\/nina-leonetto.com.br\/wp-content\/uploads\/2021\/03\/Chemically-Treated-WEB-Nina-Folder.jpg 460w, https:\/\/nina-leonetto.com.br\/wp-content\/uploads\/2021\/03\/Chemically-Treated-WEB-Nina-Folder-226x300.jpg 226w\" sizes=\"(max-width: 460px) 100vw, 460px\" \/>\t\t\t\t\t\t\t\t\t\t\t\t\t\t\t<\/div>\n\t\t\t\t<\/div>\n\t\t\t\t<div class=\"elementor-element elementor-element-7076dd9 elementor-widget elementor-widget-heading\" data-id=\"7076dd9\" data-element_type=\"widget\" data-e-type=\"widget\" data-widget_type=\"heading.default\">\n\t\t\t\t<div class=\"elementor-widget-container\">\n\t\t\t\t\t<h2 class=\"elementor-heading-title elementor-size-default\">Trattata CHIMICAMENTE<\/h2>\t\t\t\t<\/div>\n\t\t\t\t<\/div>\n\t\t\t\t<div class=\"elementor-element elementor-element-bc88548 elementor-widget elementor-widget-text-editor\" data-id=\"bc88548\" data-element_type=\"widget\" data-e-type=\"widget\" data-widget_type=\"text-editor.default\">\n\t\t\t\t<div class=\"elementor-widget-container\">\n\t\t\t\t\t\t\t\t\t<p>Agisce sulla preparazione della fibra capillare per il processo di decolorazione e durante il processo di decolorazione per proteggere la fibra capillare e quindi per ricostruire la fibra capillare<\/p>\t\t\t\t\t\t\t\t<\/div>\n\t\t\t\t<\/div>\n\t\t\t\t<div class=\"elementor-element elementor-element-27bc71d elementor-align-center elementor-mobile-align-justify elementor-widget elementor-widget-button\" data-id=\"27bc71d\" data-element_type=\"widget\" data-e-type=\"widget\" data-widget_type=\"button.default\">\n\t\t\t\t<div class=\"elementor-widget-container\">\n\t\t\t\t\t\t\t\t\t<div class=\"elementor-button-wrapper\">\n\t\t\t\t\t<a class=\"elementor-button elementor-button-link elementor-size-sm\" href=\"https:\/\/nina-leonetto.com.br\/bond-protector\/\">\n\t\t\t\t\t\t<span class=\"elementor-button-content-wrapper\">\n\t\t\t\t\t\t\t\t\t<span class=\"elementor-button-text\">scoprire<\/span>\n\t\t\t\t\t<\/span>\n\t\t\t\t\t<\/a>\n\t\t\t\t<\/div>\n\t\t\t\t\t\t\t\t<\/div>\n\t\t\t\t<\/div>\n\t\t\t\t\t<\/div>\n\t\t<\/div>\n\t\t\t\t<div class=\"elementor-column elementor-col-33 elementor-top-column elementor-element elementor-element-5d69695\" data-id=\"5d69695\" data-element_type=\"column\" data-e-type=\"column\">\n\t\t\t<div class=\"elementor-widget-wrap elementor-element-populated\">\n\t\t\t\t\t\t<div class=\"elementor-element elementor-element-89cf853 elementor-widget elementor-widget-image\" data-id=\"89cf853\" data-element_type=\"widget\" data-e-type=\"widget\" data-widget_type=\"image.default\">\n\t\t\t\t<div class=\"elementor-widget-container\">\n\t\t\t\t\t\t\t\t\t\t\t\t\t\t\t<img decoding=\"async\" width=\"460\" height=\"610\" src=\"https:\/\/nina-leonetto.com.br\/wp-content\/uploads\/2021\/03\/Home-Care-Treatment-WEB-Nina-Folder.jpg\" class=\"attachment-large size-large wp-image-1406\" alt=\"HOME CARE TREATMENT\" srcset=\"https:\/\/nina-leonetto.com.br\/wp-content\/uploads\/2021\/03\/Home-Care-Treatment-WEB-Nina-Folder.jpg 460w, https:\/\/nina-leonetto.com.br\/wp-content\/uploads\/2021\/03\/Home-Care-Treatment-WEB-Nina-Folder-226x300.jpg 226w\" sizes=\"(max-width: 460px) 100vw, 460px\" \/>\t\t\t\t\t\t\t\t\t\t\t\t\t\t\t<\/div>\n\t\t\t\t<\/div>\n\t\t\t\t<div class=\"elementor-element elementor-element-1428138 elementor-widget elementor-widget-heading\" data-id=\"1428138\" data-element_type=\"widget\" data-e-type=\"widget\" data-widget_type=\"heading.default\">\n\t\t\t\t<div class=\"elementor-widget-container\">\n\t\t\t\t\t<h2 class=\"elementor-heading-title elementor-size-default\">TRATTAMENTI A DOMICILIO<\/h2>\t\t\t\t<\/div>\n\t\t\t\t<\/div>\n\t\t\t\t<div class=\"elementor-element elementor-element-dcd15e8 elementor-widget elementor-widget-text-editor\" data-id=\"dcd15e8\" data-element_type=\"widget\" data-e-type=\"widget\" data-widget_type=\"text-editor.default\">\n\t\t\t\t<div class=\"elementor-widget-container\">\n\t\t\t\t\t\t\t\t\t<p>La linea Home Care \u00e8 composta dai minerali pi\u00f9 avanzati sviluppati con la pi\u00f9 alta tecnologia e appositamente studiati per la nutrizione dei tuoi capelli<\/p>\t\t\t\t\t\t\t\t<\/div>\n\t\t\t\t<\/div>\n\t\t\t\t<div class=\"elementor-element elementor-element-329a43f elementor-align-center elementor-mobile-align-justify elementor-widget elementor-widget-button\" data-id=\"329a43f\" data-element_type=\"widget\" data-e-type=\"widget\" data-widget_type=\"button.default\">\n\t\t\t\t<div class=\"elementor-widget-container\">\n\t\t\t\t\t\t\t\t\t<div class=\"elementor-button-wrapper\">\n\t\t\t\t\t<a class=\"elementor-button elementor-button-link elementor-size-sm\" href=\"https:\/\/nina-leonetto.com.br\/products\/home-care-treatment\/\">\n\t\t\t\t\t\t<span class=\"elementor-button-content-wrapper\">\n\t\t\t\t\t\t\t\t\t<span class=\"elementor-button-text\">scoprire<\/span>\n\t\t\t\t\t<\/span>\n\t\t\t\t\t<\/a>\n\t\t\t\t<\/div>\n\t\t\t\t\t\t\t\t<\/div>\n\t\t\t\t<\/div>\n\t\t\t\t\t<\/div>\n\t\t<\/div>\n\t\t\t\t\t<\/div>\n\t\t<\/section>\n\t\t\t\t<\/div>","protected":false},"excerpt":{"rendered":"<p>smoothness TREATMENT \u00a0With its innovative composition derived from the Camu Camu fruit coming from the depths of the Amazon that softness &amp; manages the hair by giving it lasting freshness. discover CHEMICALLY treated Works on preparing the hair fiber for bleaching process and during the bleaching process to protect the hair fiber and then to&hellip;&nbsp;<a href=\"https:\/\/nina-leonetto.com.br\/it\/products\/\" rel=\"bookmark\">Leggi tutto &raquo;<span class=\"screen-reader-text\">Prodotti<\/span><\/a><\/p>","protected":false},"author":1,"featured_media":0,"parent":0,"menu_order":0,"comment_status":"closed","ping_status":"closed","template":"","meta":{"_eb_attr":"","_uag_custom_page_level_css":"","neve_meta_sidebar":"full-width","neve_meta_container":"full-width","neve_meta_enable_content_width":"off","neve_meta_content_width":70,"neve_meta_title_alignment":"","neve_meta_author_avatar":"","neve_post_elements_order":"","neve_meta_disable_header":"","neve_meta_disable_footer":"","neve_meta_disable_title":"on","footnotes":""},"class_list":["post-1103","page","type-page","status-publish","hentry"],"uagb_featured_image_src":{"full":false,"thumbnail":false,"medium":false,"medium_large":false,"large":false,"1536x1536":false,"2048x2048":false,"trp-custom-language-flag":false,"neve-blog":false},"uagb_author_info":{"display_name":"itech","author_link":"https:\/\/nina-leonetto.com.br\/it\/author\/itech\/"},"uagb_comment_info":0,"uagb_excerpt":"smoothness TREATMENT \u00a0With its innovative composition derived from the Camu Camu fruit coming from the depths of the Amazon that softness &amp; manages the hair by giving it lasting freshness. discover CHEMICALLY treated Works on preparing the hair fiber for bleaching process and during the bleaching process to protect the hair fiber and then to&hellip;&nbsp;Leggi&hellip;","_links":{"self":[{"href":"https:\/\/nina-leonetto.com.br\/it\/wp-json\/wp\/v2\/pages\/1103","targetHints":{"allow":["GET"]}}],"collection":[{"href":"https:\/\/nina-leonetto.com.br\/it\/wp-json\/wp\/v2\/pages"}],"about":[{"href":"https:\/\/nina-leonetto.com.br\/it\/wp-json\/wp\/v2\/types\/page"}],"author":[{"embeddable":true,"href":"https:\/\/nina-leonetto.com.br\/it\/wp-json\/wp\/v2\/users\/1"}],"replies":[{"embeddable":true,"href":"https:\/\/nina-leonetto.com.br\/it\/wp-json\/wp\/v2\/comments?post=1103"}],"version-history":[{"count":31,"href":"https:\/\/nina-leonetto.com.br\/it\/wp-json\/wp\/v2\/pages\/1103\/revisions"}],"predecessor-version":[{"id":1845,"href":"https:\/\/nina-leonetto.com.br\/it\/wp-json\/wp\/v2\/pages\/1103\/revisions\/1845"}],"wp:attachment":[{"href":"https:\/\/nina-leonetto.com.br\/it\/wp-json\/wp\/v2\/media?parent=1103"}],"curies":[{"name":"wp","href":"https:\/\/api.w.org\/{rel}","templated":true}]}}