{"id":1579,"date":"2021-03-22T17:48:08","date_gmt":"2021-03-22T17:48:08","guid":{"rendered":"https:\/\/nina-leonetto.com.br\/?page_id=1579"},"modified":"2022-09-05T18:38:18","modified_gmt":"2022-09-05T18:38:18","slug":"bond-protector","status":"publish","type":"page","link":"https:\/\/nina-leonetto.com.br\/it\/products\/bond-protector\/","title":{"rendered":"BOND PROTECTOR"},"content":{"rendered":"<div data-elementor-type=\"wp-page\" data-elementor-id=\"1579\" class=\"elementor elementor-1579\">\n\t\t\t\t\t\t<section class=\"elementor-section elementor-top-section elementor-element elementor-element-8c8e253 elementor-section-height-min-height elementor-section-boxed elementor-section-height-default elementor-section-items-middle\" data-id=\"8c8e253\" data-element_type=\"section\" data-e-type=\"section\" data-settings=\"{&quot;background_background&quot;:&quot;classic&quot;}\">\n\t\t\t\t\t\t<div class=\"elementor-container elementor-column-gap-default\">\n\t\t\t\t\t<div class=\"elementor-column elementor-col-100 elementor-top-column elementor-element elementor-element-98b61f4\" data-id=\"98b61f4\" data-element_type=\"column\" data-e-type=\"column\">\n\t\t\t<div class=\"elementor-widget-wrap\">\n\t\t\t\t\t\t\t<\/div>\n\t\t<\/div>\n\t\t\t\t\t<\/div>\n\t\t<\/section>\n\t\t\t\t<section class=\"elementor-section elementor-top-section elementor-element elementor-element-d8218b2 elementor-section-boxed elementor-section-height-default elementor-section-height-default\" data-id=\"d8218b2\" data-element_type=\"section\" data-e-type=\"section\">\n\t\t\t\t\t\t<div class=\"elementor-container elementor-column-gap-default\">\n\t\t\t\t\t<div class=\"elementor-column elementor-col-50 elementor-top-column elementor-element elementor-element-76aefa8\" data-id=\"76aefa8\" data-element_type=\"column\" data-e-type=\"column\">\n\t\t\t<div class=\"elementor-widget-wrap elementor-element-populated\">\n\t\t\t\t\t\t<div class=\"elementor-element elementor-element-15fa032 elementor-view-default elementor-widget elementor-widget-icon\" data-id=\"15fa032\" data-element_type=\"widget\" data-e-type=\"widget\" data-widget_type=\"icon.default\">\n\t\t\t\t<div class=\"elementor-widget-container\">\n\t\t\t\t\t\t\t<div class=\"elementor-icon-wrapper\">\n\t\t\t<a class=\"elementor-icon\" href=\"https:\/\/nina-leonetto.com.br\/products\/\">\n\t\t\t<i aria-hidden=\"true\" class=\"fas fa-long-arrow-alt-left\"><\/i>\t\t\t<\/a>\n\t\t<\/div>\n\t\t\t\t\t\t<\/div>\n\t\t\t\t<\/div>\n\t\t\t\t<div class=\"elementor-element elementor-element-af6a9c1 elementor-widget elementor-widget-image\" data-id=\"af6a9c1\" data-element_type=\"widget\" data-e-type=\"widget\" data-widget_type=\"image.default\">\n\t\t\t\t<div class=\"elementor-widget-container\">\n\t\t\t\t\t\t\t\t\t\t\t\t\t\t\t<img fetchpriority=\"high\" decoding=\"async\" width=\"750\" height=\"750\" src=\"https:\/\/nina-leonetto.com.br\/wp-content\/uploads\/2021\/03\/PLEX_750x750.png\" class=\"attachment-large size-large wp-image-1408\" alt=\"plex\" srcset=\"https:\/\/nina-leonetto.com.br\/wp-content\/uploads\/2021\/03\/PLEX_750x750.png 750w, https:\/\/nina-leonetto.com.br\/wp-content\/uploads\/2021\/03\/PLEX_750x750-300x300.png 300w, https:\/\/nina-leonetto.com.br\/wp-content\/uploads\/2021\/03\/PLEX_750x750-150x150.png 150w, https:\/\/nina-leonetto.com.br\/wp-content\/uploads\/2021\/03\/PLEX_750x750-600x600.png 600w, https:\/\/nina-leonetto.com.br\/wp-content\/uploads\/2021\/03\/PLEX_750x750-100x100.png 100w\" sizes=\"(max-width: 750px) 100vw, 750px\" \/>\t\t\t\t\t\t\t\t\t\t\t\t\t\t\t<\/div>\n\t\t\t\t<\/div>\n\t\t\t\t\t<\/div>\n\t\t<\/div>\n\t\t\t\t<div class=\"elementor-column elementor-col-50 elementor-top-column elementor-element elementor-element-6c2bb38\" data-id=\"6c2bb38\" data-element_type=\"column\" data-e-type=\"column\">\n\t\t\t<div class=\"elementor-widget-wrap elementor-element-populated\">\n\t\t\t\t\t\t<div class=\"elementor-element elementor-element-b1bb07d elementor-widget elementor-widget-heading\" data-id=\"b1bb07d\" data-element_type=\"widget\" data-e-type=\"widget\" data-widget_type=\"heading.default\">\n\t\t\t\t<div class=\"elementor-widget-container\">\n\t\t\t\t\t<h1 class=\"elementor-heading-title elementor-size-default\">Nina Plex<\/h1>\t\t\t\t<\/div>\n\t\t\t\t<\/div>\n\t\t\t\t<div class=\"elementor-element elementor-element-62b2425 elementor-widget elementor-widget-text-editor\" data-id=\"62b2425\" data-element_type=\"widget\" data-e-type=\"widget\" data-widget_type=\"text-editor.default\">\n\t\t\t\t<div class=\"elementor-widget-container\">\n\t\t\t\t\t\t\t\t\t<p>Nina Plex non \u00e8 solo la polizza assicurativa contro trecce e ciocche senza vita, capelli fragili e spezzati, ma anche un innovativo trattamento ricostruttivo che previene i danni che si verificano durante i servizi chimici.<\/p>\t\t\t\t\t\t\t\t<\/div>\n\t\t\t\t<\/div>\n\t\t\t\t\t<\/div>\n\t\t<\/div>\n\t\t\t\t\t<\/div>\n\t\t<\/section>\n\t\t\t\t<section class=\"elementor-section elementor-top-section elementor-element elementor-element-b6d71d5 elementor-section-boxed elementor-section-height-default elementor-section-height-default\" data-id=\"b6d71d5\" data-element_type=\"section\" data-e-type=\"section\">\n\t\t\t\t\t\t<div class=\"elementor-container elementor-column-gap-default\">\n\t\t\t\t\t<div class=\"elementor-column elementor-col-100 elementor-top-column elementor-element elementor-element-a24a224\" data-id=\"a24a224\" data-element_type=\"column\" data-e-type=\"column\">\n\t\t\t<div class=\"elementor-widget-wrap elementor-element-populated\">\n\t\t\t\t\t\t<div class=\"elementor-element elementor-element-a2950f4 elementor-widget elementor-widget-eael-adv-accordion\" data-id=\"a2950f4\" data-element_type=\"widget\" data-e-type=\"widget\" data-widget_type=\"eael-adv-accordion.default\">\n\t\t\t\t<div class=\"elementor-widget-container\">\n\t\t\t\t\t            <div class=\"eael-adv-accordion\" id=\"eael-adv-accordion-a2950f4\" data-scroll-on-click=\"no\" data-scroll-speed=\"300\" data-accordion-id=\"a2950f4\" data-accordion-type=\"accordion\" data-toogle-speed=\"300\">\n            <div class=\"eael-accordion-list\">\n\t\t\t\t\t<div id=\"protection\" class=\"elementor-tab-title eael-accordion-header\" tabindex=\"0\" data-tab=\"1\" aria-controls=\"elementor-tab-content-1701\"><span class=\"eael-accordion-tab-title\">Protezione<\/span><i aria-hidden=\"true\" class=\"fa-toggle fas fa-angle-right\"><\/i><\/div><div id=\"elementor-tab-content-1701\" class=\"eael-accordion-content clearfix\" data-tab=\"1\" aria-labelledby=\"protection\"><p><span style=\"font-weight: 400\">\u00a0\u00a0Nina plex \u00e8 un prodotto brillante che protegge le connessioni capillari, cos\u00ec come il fusto del capello, previene i danni causati da scolorimento, colorazione o qualsiasi servizio chimico prima ancora che inizi. Nina Plex lavora per proteggere i capelli dai danni chimici, penetra in profondit\u00e0 nella corteccia dei capelli. Nina plex protegge, rinforza l&#039;elasticit\u00e0 e aumenta flessibilit\u00e0 e morbidezza.<\/span><\/p><\/div>\n\t\t\t\t\t<\/div><div class=\"eael-accordion-list\">\n\t\t\t\t\t<div id=\"active-ingredients\" class=\"elementor-tab-title eael-accordion-header\" tabindex=\"0\" data-tab=\"2\" aria-controls=\"elementor-tab-content-1702\"><span class=\"eael-accordion-tab-title\">Ingredienti attivi<\/span><i aria-hidden=\"true\" class=\"fa-toggle fas fa-angle-right\"><\/i><\/div><div id=\"elementor-tab-content-1702\" class=\"eael-accordion-content clearfix\" data-tab=\"2\" aria-labelledby=\"active-ingredients\"><p><span style=\"font-weight: 400\">I principi attivi di Nina plex sono composti chiamati Aqua, Disodium EDTA, Fragrance, Glycerin, Cetrimony Chloride, Metilpropandiolo, Acido Aspartico, Serina, Arginina, Glicina, Prolina, Alanina, Lisina, Acido Glutamico, Acido Aspartico, Treonina, Creatina, DMDM \u200b\u200b\u200bidantoina, fenossietanolo.<\/span><\/p><\/div>\n\t\t\t\t\t<\/div><div class=\"eael-accordion-list\">\n\t\t\t\t\t<div id=\"nina-plex-reconstructor\" class=\"elementor-tab-title eael-accordion-header\" tabindex=\"0\" data-tab=\"3\" aria-controls=\"elementor-tab-content-1703\"><span class=\"eael-accordion-tab-title\">Nina Plex Ricostruttore<\/span><i aria-hidden=\"true\" class=\"fa-toggle fas fa-angle-right\"><\/i><\/div><div id=\"elementor-tab-content-1703\" class=\"eael-accordion-content clearfix\" data-tab=\"3\" aria-labelledby=\"nina-plex-reconstructor\"><p><span style=\"font-weight: 400\">Nina plex con la sua formula agisce per trasformare i capelli opachi in lucenti, ripristina, crea legami all&#039;interno della fibra capillare e ricostruisce in modo permanente la forza, la struttura e l&#039;integrit\u00e0 dei tuoi capelli e ricollega i legami di solfuro di zolfo rotti che vengono danneggiati durante il processo chimico.<\/span><\/p><\/div>\n\t\t\t\t\t<\/div><div class=\"eael-accordion-list\">\n\t\t\t\t\t<div id=\"bond-filler\" class=\"elementor-tab-title eael-accordion-header\" tabindex=\"0\" data-tab=\"4\" aria-controls=\"elementor-tab-content-1704\"><span class=\"eael-accordion-tab-title\">Riempitivo di legame<\/span><i aria-hidden=\"true\" class=\"fa-toggle fas fa-angle-right\"><\/i><\/div><div id=\"elementor-tab-content-1704\" class=\"eael-accordion-content clearfix\" data-tab=\"4\" aria-labelledby=\"bond-filler\"><p><span style=\"font-weight: 400\">Agisce su tutte le sfumature di biondo, capelli scoloriti, aumenta la forza e la morbidezza vellutata per un biondo brillante, ripristina le cuticole danneggiate per capelli pi\u00f9 forti. Mantiene le luci luminose e radiose.<\/span><\/p><\/div>\n\t\t\t\t\t<\/div><div class=\"eael-accordion-list\">\n\t\t\t\t\t<div id=\"protective-bond\" class=\"elementor-tab-title eael-accordion-header\" tabindex=\"0\" data-tab=\"5\" aria-controls=\"elementor-tab-content-1705\"><span class=\"eael-accordion-tab-title\">Legame protettivo<\/span><i aria-hidden=\"true\" class=\"fa-toggle fas fa-angle-right\"><\/i><\/div><div id=\"elementor-tab-content-1705\" class=\"eael-accordion-content clearfix\" data-tab=\"5\" aria-labelledby=\"protective-bond\"><p><span style=\"font-weight: 400\">Agisce nella preparazione della fibra capillare al processo di decolorazione, durante il processo di decolorazione per proteggere la fibra capillare e quindi per ricostruire la fibra. Nina plex \u00e8 progettato per tutti i tipi di capelli, dai vergini ai super elaborati <\/span><\/p><\/div>\n\t\t\t\t\t<\/div><div class=\"eael-accordion-list\">\n\t\t\t\t\t<div id=\"dye-treatment\" class=\"elementor-tab-title eael-accordion-header\" tabindex=\"0\" data-tab=\"6\" aria-controls=\"elementor-tab-content-1706\"><span class=\"eael-accordion-tab-title\">Trattamento colorante<\/span><i aria-hidden=\"true\" class=\"fa-toggle fas fa-angle-right\"><\/i><\/div><div id=\"elementor-tab-content-1706\" class=\"eael-accordion-content clearfix\" data-tab=\"6\" aria-labelledby=\"dye-treatment\"><p><span style=\"font-weight: 400\">I legami disolfuro che compongono i capelli sono spesso danneggiati, frammentati, durante le luci, lo scolorimento, il processo di colorazione o qualsiasi servizio chimico. Nina plex agisce come agente protettivo durante i processi chimici per prevenire danni ai capelli, creare nuovi legami capillari e riparare quelli danneggiati.<\/span><\/p><\/div>\n\t\t\t\t\t<\/div><div class=\"eael-accordion-list\">\n\t\t\t\t\t<div id=\"ultra-whitening\" class=\"elementor-tab-title eael-accordion-header\" tabindex=\"0\" data-tab=\"7\" aria-controls=\"elementor-tab-content-1707\"><span class=\"eael-accordion-tab-title\">Ultra sbiancante<\/span><i aria-hidden=\"true\" class=\"fa-toggle fas fa-angle-right\"><\/i><\/div><div id=\"elementor-tab-content-1707\" class=\"eael-accordion-content clearfix\" data-tab=\"7\" aria-labelledby=\"ultra-whitening\"><p><span style=\"font-weight: 400\">Per schiarire i capelli \u00e8 necessario rompere i legami nella ciocca. Pi\u00f9 i capelli sono chiari, pi\u00f9 legami si rompono. Nina plex \u00e8 un additivo alla candeggina per proteggere i capelli prima che si danneggino. Nina plex ricollega i legami disolfuro nei capelli che sono stati rotti durante i servizi chimici.<\/span><\/p><\/div>\n\t\t\t\t\t<\/div><div class=\"eael-accordion-list\">\n\t\t\t\t\t<div id=\"permanent\" class=\"elementor-tab-title eael-accordion-header\" tabindex=\"0\" data-tab=\"8\" aria-controls=\"elementor-tab-content-1708\"><span class=\"eael-accordion-tab-title\">Permanente<\/span><i aria-hidden=\"true\" class=\"fa-toggle fas fa-angle-right\"><\/i><\/div><div id=\"elementor-tab-content-1708\" class=\"eael-accordion-content clearfix\" data-tab=\"8\" aria-labelledby=\"permanent\"><p><span style=\"font-weight: 400\">La permanente \u00e8 una procedura che rompe numerosi legami disolfuro nei capelli. Nina plex sta lavorando per creare nuovi legami disolfuro nei capelli e riparare quelli danneggiati.<\/span><\/p><\/div>\n\t\t\t\t\t<\/div><div class=\"eael-accordion-list\">\n\t\t\t\t\t<div id=\"bleaching-powder\" class=\"elementor-tab-title eael-accordion-header\" tabindex=\"0\" data-tab=\"9\" aria-controls=\"elementor-tab-content-1709\"><span class=\"eael-accordion-tab-title\">Polvere decolorante<\/span><i aria-hidden=\"true\" class=\"fa-toggle fas fa-angle-right\"><\/i><\/div><div id=\"elementor-tab-content-1709\" class=\"eael-accordion-content clearfix\" data-tab=\"9\" aria-labelledby=\"bleaching-powder\"><p><span style=\"font-weight: 400\">Il processo di decolorazione influenzer\u00e0 direttamente il legame disolfuro, lasciandolo molto fragile, quindi Nina plex protegger\u00e0 e riparer\u00e0 i legami rotti, mantenendo i capelli sani e forti.<\/span><\/p><\/div>\n\t\t\t\t\t<\/div><div class=\"eael-accordion-list\">\n\t\t\t\t\t<div id=\"straightening\" class=\"elementor-tab-title eael-accordion-header\" tabindex=\"0\" data-tab=\"10\" aria-controls=\"elementor-tab-content-17010\"><span class=\"eael-accordion-tab-title\">Raddrizzamento<\/span><i aria-hidden=\"true\" class=\"fa-toggle fas fa-angle-right\"><\/i><\/div><div id=\"elementor-tab-content-17010\" class=\"eael-accordion-content clearfix\" data-tab=\"10\" aria-labelledby=\"straightening\"><p><span style=\"font-weight: 400\">Riconnette i legami rotti e ripara i danni ai capelli, creando un esteso ponte disolfuro artificiale, eliminando l&#039;effetto crespo e rendendo i capelli pi\u00f9 luminosi, lisci e flessibili.<\/span><\/p><\/div>\n\t\t\t\t\t<\/div><div class=\"eael-accordion-list\">\n\t\t\t\t\t<div id=\"direct-dyes\" class=\"elementor-tab-title eael-accordion-header\" tabindex=\"0\" data-tab=\"11\" aria-controls=\"elementor-tab-content-17011\"><span class=\"eael-accordion-tab-title\">Coloranti diretti<\/span><i aria-hidden=\"true\" class=\"fa-toggle fas fa-angle-right\"><\/i><\/div><div id=\"elementor-tab-content-17011\" class=\"eael-accordion-content clearfix\" data-tab=\"11\" aria-labelledby=\"direct-dyes\"><p><span style=\"font-weight: 400\">Crea nuovi legami disolfuro all&#039;interno della fibra capillare, lascia i capelli incredibilmente lisci e morbidi, flessibili e lucenti.<\/span><\/p><\/div>\n\t\t\t\t\t<\/div><div class=\"eael-accordion-list\">\n\t\t\t\t\t<div id=\"anti-damage-treatment\" class=\"elementor-tab-title eael-accordion-header\" tabindex=\"0\" data-tab=\"12\" aria-controls=\"elementor-tab-content-17012\"><span class=\"eael-accordion-tab-title\">Trattamento anti-danno<\/span><i aria-hidden=\"true\" class=\"fa-toggle fas fa-angle-right\"><\/i><\/div><div id=\"elementor-tab-content-17012\" class=\"eael-accordion-content clearfix\" data-tab=\"12\" aria-labelledby=\"anti-damage-treatment\"><p><span style=\"font-weight: 400\">Nina plex \u00e8 un trattamento ricostruttivo che migliora la struttura interna del capello, prevenendolo e proteggendolo dai danni durante il processo chimico, prevenendo la rottura del fusto del capello.<\/span><\/p><p><span style=\"font-weight: 400\">Nina plex aumenta l&#039;elasticit\u00e0 del capello e gli permette di accettare tutti i trattamenti chimici senza danni<\/span><\/p><\/div>\n\t\t\t\t\t<\/div><div class=\"eael-accordion-list\">\n\t\t\t\t\t<div id=\"ingredients\" class=\"elementor-tab-title eael-accordion-header\" tabindex=\"0\" data-tab=\"13\" aria-controls=\"elementor-tab-content-17013\"><span class=\"eael-accordion-tab-title\">Ingredients<\/span><i aria-hidden=\"true\" class=\"fa-toggle fas fa-angle-right\"><\/i><\/div><div id=\"elementor-tab-content-17013\" class=\"eael-accordion-content clearfix\" data-tab=\"13\" aria-labelledby=\"ingredients\"><span style=\"font-weight: 400\">Aqua, Propylene Glycol,  Methylpropanediol,Serine, Aspartic Acid, Hydrolized Keratin, Hydrolized Collagen, Parfum, C-12 15 Alkyl Benzoate, Chlorhexidine Digluconate, Benzyl Alcohol, Benzyl Benzoate, Benzyl Salicylate, Cinnamal, Cinnamyl Alcohol, Citral, Citronellol, Coumarin, Eugenol, Farnesol, Geraniol, Isoeugenol, Limonene, Linalool, Methyl Ionone.\n<\/span><\/div>\n\t\t\t\t\t<\/div><\/div>\t\t\t\t<\/div>\n\t\t\t\t<\/div>\n\t\t\t\t\t<\/div>\n\t\t<\/div>\n\t\t\t\t\t<\/div>\n\t\t<\/section>\n\t\t\t\t<\/div>","protected":false},"excerpt":{"rendered":"<p>Nina Plex Nina Plex is not only the insurance policy against lifeless braids and locks, brittle and broken hair, but also an innovative reconstructive treatment that prevents damage that occurs during chemical services. Protection \u00a0\u00a0Nina plex is a brilliant product that protects capillary connections, as well as the hair shaft, prevents damage caused by discoloration,&hellip;&nbsp;<a href=\"https:\/\/nina-leonetto.com.br\/it\/products\/bond-protector\/\" rel=\"bookmark\">Leggi tutto &raquo;<span class=\"screen-reader-text\">BOND PROTECTOR<\/span><\/a><\/p>","protected":false},"author":1,"featured_media":0,"parent":1103,"menu_order":0,"comment_status":"closed","ping_status":"closed","template":"page-templates\/template-pagebuilder-full-width.php","meta":{"_eb_attr":"","_uag_custom_page_level_css":"","neve_meta_sidebar":"full-width","neve_meta_container":"","neve_meta_enable_content_width":"on","neve_meta_content_width":100,"neve_meta_title_alignment":"","neve_meta_author_avatar":"","neve_post_elements_order":"","neve_meta_disable_header":"","neve_meta_disable_footer":"","neve_meta_disable_title":"","footnotes":""},"class_list":["post-1579","page","type-page","status-publish","hentry"],"uagb_featured_image_src":{"full":false,"thumbnail":false,"medium":false,"medium_large":false,"large":false,"1536x1536":false,"2048x2048":false,"trp-custom-language-flag":false,"neve-blog":false},"uagb_author_info":{"display_name":"itech","author_link":"https:\/\/nina-leonetto.com.br\/it\/author\/itech\/"},"uagb_comment_info":0,"uagb_excerpt":"Nina Plex Nina Plex is not only the insurance policy against lifeless braids and locks, brittle and broken hair, but also an innovative reconstructive treatment that prevents damage that occurs during chemical services. Protection \u00a0\u00a0Nina plex is a brilliant product that protects capillary connections, as well as the hair shaft, prevents damage caused by discoloration,&hellip;&nbsp;Leggi&hellip;","_links":{"self":[{"href":"https:\/\/nina-leonetto.com.br\/it\/wp-json\/wp\/v2\/pages\/1579","targetHints":{"allow":["GET"]}}],"collection":[{"href":"https:\/\/nina-leonetto.com.br\/it\/wp-json\/wp\/v2\/pages"}],"about":[{"href":"https:\/\/nina-leonetto.com.br\/it\/wp-json\/wp\/v2\/types\/page"}],"author":[{"embeddable":true,"href":"https:\/\/nina-leonetto.com.br\/it\/wp-json\/wp\/v2\/users\/1"}],"replies":[{"embeddable":true,"href":"https:\/\/nina-leonetto.com.br\/it\/wp-json\/wp\/v2\/comments?post=1579"}],"version-history":[{"count":31,"href":"https:\/\/nina-leonetto.com.br\/it\/wp-json\/wp\/v2\/pages\/1579\/revisions"}],"predecessor-version":[{"id":2106,"href":"https:\/\/nina-leonetto.com.br\/it\/wp-json\/wp\/v2\/pages\/1579\/revisions\/2106"}],"up":[{"embeddable":true,"href":"https:\/\/nina-leonetto.com.br\/it\/wp-json\/wp\/v2\/pages\/1103"}],"wp:attachment":[{"href":"https:\/\/nina-leonetto.com.br\/it\/wp-json\/wp\/v2\/media?parent=1579"}],"curies":[{"name":"wp","href":"https:\/\/api.w.org\/{rel}","templated":true}]}}